{"id":20,"date":"2021-03-28T18:20:22","date_gmt":"2021-03-28T16:20:22","guid":{"rendered":"https:\/\/www.loja-rundum.de\/widerrufsbelehrung\/"},"modified":"2026-02-20T12:57:20","modified_gmt":"2026-02-20T11:57:20","slug":"widerrufsbelehrung","status":"publish","type":"page","link":"https:\/\/www.loja-rundum.de\/de\/rechtliches-2\/widerrufsbelehrung\/","title":{"rendered":"Widerrufsbelehrung"},"content":{"rendered":"\n<p><strong>Widerrufsrecht f\u00fcr Verbraucher<\/strong><\/p>\n\n\n\n<p>(Verbraucher ist jede nat\u00fcrliche Person, die ein Rechtsgesch\u00e4ft zu Zwecken abschlie\u00dft, die \u00fcberwiegend weder ihrer gewerblichen noch ihrer selbstst\u00e4ndigen beruflichen T\u00e4tigkeit zugerechnet werden k\u00f6nnen.)<\/p>\n\n\n\n<p><strong>Widerrufsbelehrung<\/strong><\/p>\n\n\n\n<p><strong>Widerrufsrecht<\/strong><\/p>\n\n\n\n<p>Sie haben das Recht, binnen 14 Tagen ohne Angabe von Gr\u00fcnden diesen Vertrag zu widerrufen.<\/p>\n\n\n\n<p>Die Widerrufsfrist betr\u00e4gt 14 Tage ab dem Tag, an dem Sie oder ein von Ihnen benannter Dritter, der nicht der Bef\u00f6rderer ist, die Waren in Besitz genommen haben.<\/p>\n\n\n\n<p>Um Ihr Widerrufsrecht auszu\u00fcben, m\u00fcssen Sie uns<br><strong>Loja-Rundum, Anja Seisel, In der Delle 15, 57462 Olpe, Telefon: 0170-4981577, E-Mail: <a href=\"mailto:loja-rundum@gmx.de\">loja-rundum@gmx.de<\/a><\/strong><br>mittels einer eindeutigen Erkl\u00e4rung (z. B. Brief oder E-Mail) \u00fcber Ihren Entschluss informieren, diesen Vertrag zu widerrufen.<\/p>\n\n\n\n<p>Zur Wahrung der Widerrufsfrist reicht es aus, dass Sie die Mitteilung vor Ablauf der Frist absenden.<\/p>\n\n\n\n<p><strong>Folgen des Widerrufs<\/strong><\/p>\n\n\n\n<p>Wenn Sie diesen Vertrag widerrufen, erstatten wir Ihnen alle Zahlungen einschlie\u00dflich der Lieferkosten (au\u00dfer Mehrkosten f\u00fcr eine andere als die g\u00fcnstigste Standardlieferung) binnen 14 Tagen ab Eingang Ihres Widerrufs.<\/p>\n\n\n\n<p>Wir k\u00f6nnen die R\u00fcckzahlung verweigern, bis wir die Waren zur\u00fcckerhalten haben oder Sie den Nachweis \u00fcber die R\u00fccksendung erbracht haben.<\/p>\n\n\n\n<p>Sie haben die Waren binnen 14 Tagen nach Widerruf zur\u00fcckzusenden.<br>Sie tragen die unmittelbaren Kosten der R\u00fccksendung.<\/p>\n\n\n\n<p>Sie m\u00fcssen f\u00fcr einen etwaigen Wertverlust nur aufkommen, wenn dieser auf einen zur Pr\u00fcfung der Ware nicht notwendigen Umgang zur\u00fcckzuf\u00fchren ist.<\/p>\n\n\n\n<p><strong>Ausschluss des Widerrufsrechts<\/strong><\/p>\n\n\n\n<p>Das Widerrufsrecht besteht nicht bei Vertr\u00e4gen zur Lieferung von Waren, die nicht vorgefertigt sind und f\u00fcr deren Herstellung eine individuelle Auswahl durch den Verbraucher ma\u00dfgeblich ist oder die eindeutig auf pers\u00f6nliche Bed\u00fcrfnisse zugeschnitten sind.<\/p>\n\n\n\n<hr class=\"wp-block-separator has-alpha-channel-opacity\"\/>\n\n\n\n<p><strong>Muster-Widerrufsformular<\/strong><\/p>\n\n\n\n<p>(Wenn Sie den Vertrag widerrufen wollen, dann f\u00fcllen Sie bitte dieses Formular aus und senden Sie es zur\u00fcck.)<\/p>\n\n\n\n<p>An Loja-Rundum, Anja Seisel, In der Delle 15, 57462 Olpe, <a href=\"mailto:loja-rundum@gmx.de\">loja-rundum@gmx.de<\/a><\/p>\n\n\n\n<p>Hiermit widerrufe(n) ich\/wir (<em>) den von mir\/uns (<\/em>) abgeschlossenen Vertrag \u00fcber den Kauf der folgenden Waren (*)<\/p>\n\n\n\n<p>Bestellt am (<em>) \/ erhalten am (<\/em>)<\/p>\n\n\n\n<p>Name des\/der Verbraucher(s)<br>Anschrift des\/der Verbraucher(s)<br>Unterschrift (nur bei Mitteilung auf Papier)<br>Datum<\/p>\n\n\n\n<p>(*) Unzutreffendes streichen.<\/p>\n","protected":false},"excerpt":{"rendered":"<p>Widerrufsrecht f\u00fcr Verbraucher (Verbraucher ist jede nat\u00fcrliche Person, die ein Rechtsgesch\u00e4ft zu Zwecken abschlie\u00dft, die \u00fcberwiegend weder ihrer gewerblichen noch ihrer selbstst\u00e4ndigen beruflichen T\u00e4tigkeit zugerechnet werden k\u00f6nnen.) Widerrufsbelehrung Widerrufsrecht Sie haben das Recht, binnen 14 Tagen ohne Angabe von Gr\u00fcnden diesen Vertrag zu widerrufen. Die Widerrufsfrist betr\u00e4gt 14 Tage ab dem Tag, an dem Sie [&hellip;]<\/p>\n","protected":false},"author":1,"featured_media":0,"parent":758,"menu_order":2,"comment_status":"closed","ping_status":"closed","template":"","meta":{"footnotes":""},"class_list":["post-20","page","type-page","status-publish","hentry"],"_links":{"self":[{"href":"https:\/\/www.loja-rundum.de\/de\/wp-json\/wp\/v2\/pages\/20","targetHints":{"allow":["GET"]}}],"collection":[{"href":"https:\/\/www.loja-rundum.de\/de\/wp-json\/wp\/v2\/pages"}],"about":[{"href":"https:\/\/www.loja-rundum.de\/de\/wp-json\/wp\/v2\/types\/page"}],"author":[{"embeddable":true,"href":"https:\/\/www.loja-rundum.de\/de\/wp-json\/wp\/v2\/users\/1"}],"replies":[{"embeddable":true,"href":"https:\/\/www.loja-rundum.de\/de\/wp-json\/wp\/v2\/comments?post=20"}],"version-history":[{"count":6,"href":"https:\/\/www.loja-rundum.de\/de\/wp-json\/wp\/v2\/pages\/20\/revisions"}],"predecessor-version":[{"id":22636,"href":"https:\/\/www.loja-rundum.de\/de\/wp-json\/wp\/v2\/pages\/20\/revisions\/22636"}],"up":[{"embeddable":true,"href":"https:\/\/www.loja-rundum.de\/de\/wp-json\/wp\/v2\/pages\/758"}],"wp:attachment":[{"href":"https:\/\/www.loja-rundum.de\/de\/wp-json\/wp\/v2\/media?parent=20"}],"curies":[{"name":"wp","href":"https:\/\/api.w.org\/{rel}","templated":true}]}}