{"id":589,"date":"2021-04-26T19:58:11","date_gmt":"2021-04-26T17:58:11","guid":{"rendered":"https:\/\/www.loja-rundum.de\/?page_id=589"},"modified":"2023-07-01T15:33:00","modified_gmt":"2023-07-01T13:33:00","slug":"postcrossing","status":"publish","type":"page","link":"https:\/\/www.loja-rundum.de\/de\/informationen\/postcrossing\/","title":{"rendered":"Postcrossing"},"content":{"rendered":"\n<p>Liebe Postcrosser \u2661<\/p>\n\n\n\n<p>Herzlich willkommen in unserem Shop, der sich ganz deinem sch\u00f6nen Hobby widmet! Hier findest du eine gro\u00dfartige Auswahl an einzigartigen Postkarten, die deine Leidenschaft f\u00fcr Postcrossing und das Sammeln von Karten perfekt erg\u00e4nzen.<\/p>\n\n\n\n<p>Unsere Themenwelt ist vielf\u00e4ltig und bietet dir Motive mit Tieren, traumhafte Editionen von Tausendsch\u00f6n, kreative Illustrationen sowie beeindruckende Landschaften und Naturmotive. Es ist f\u00fcr jeden Geschmack etwas dabei!<\/p>\n\n\n\n<p>Und das Beste: Solltest du Postkarten oder Ansichtskarten in gr\u00f6\u00dferen Mengen ben\u00f6tigen, als wir momentan vorr\u00e4tig haben, kein Problem! Schicke uns einfach eine kurze Mail mit deinen W\u00fcnschen, und wir werden uns darum k\u00fcmmern, die gew\u00fcnschten Motive kurzfristig f\u00fcr dich zu besorgen.<\/p>\n\n\n\n<p>Deine Ideen und Anregungen sind uns wichtig! Wir freuen uns sehr \u00fcber dein Feedback und deine Unterst\u00fctzung, um unseren Shop gemeinsam weiter zu verbessern.<\/p>\n\n\n\n<p>\u2661 Eure Anja \u2661<\/p>\n\n\n\n<p><\/p>\n\n\n\n<p><\/p>\n\n\n\n<p>F\u00fcr diejenigen, die sich nicht mit Postcrossing auskennen:<br>Postcrossing ist ein internationales Projekt, das Menschen aus der ganzen Welt zusammenbringt, um Postkarten miteinander auszutauschen. Das Konzept ist einfach: Du schickst eine Postkarte an einen zuf\u00e4llig ausgew\u00e4hlten Postcrosser (Postkartenliebhaber) irgendwo auf der Welt und erh\u00e4ltst im Gegenzug eine Postkarte von einem anderen Postcrosser. Das Besondere daran ist, dass du nicht wei\u00dft, von wem du eine Karte erhalten wirst und aus welchem Land sie stammt.<\/p>\n\n\n\n<p>Um am Postcrossing teilzunehmen, meldest du dich auf der offiziellen Website (postcrossing.com) an und erh\u00e4ltst eine einzigartige ID. Mit dieser ID schreibst du deine eigene Adresse auf die von dir ausgew\u00e4hlte Postkarte und sendest sie ab. Sobald der Empf\u00e4nger die Karte erh\u00e4lt, registriert er sie auf der Website, und dadurch bist du berechtigt, eine Karte von jemand anderem zu erhalten.<\/p>\n\n\n\n<p>Postcrossing erm\u00f6glicht es den Teilnehmenden, Kulturen, Sprachen und Lebensweisen aus aller Welt kennenzulernen. Es ist eine einzigartige M\u00f6glichkeit, Freundschaften zu kn\u00fcpfen, die Welt zu erkunden und sch\u00f6ne Postkarten zu sammeln. Das Beste daran ist, dass es eine \u00dcberraschung ist, welche Karte du erhalten wirst und welche Botschaft von einem entfernten Ort der Welt dich erreichen wird.<\/p>\n\n\n\n<p>Also schnapp dir deine Postkarten und mach dich auf den Weg, um Teil dieser internationalen Gemeinschaft von Postcrossern zu werden und die Freude am Austausch von Postkarten zu erleben!<\/p>\n\n\n\n<p>Bitte beachte, dass Postcrossing ein eigenst\u00e4ndiges Projekt ist und nicht mit unserem Online-Shop in Verbindung steht.<\/p>\n","protected":false},"excerpt":{"rendered":"<p>Liebe Postcrosser \u2661 Herzlich willkommen in unserem Shop, der sich ganz deinem sch\u00f6nen Hobby widmet! Hier findest du eine gro\u00dfartige Auswahl an einzigartigen Postkarten, die deine Leidenschaft f\u00fcr Postcrossing und das Sammeln von Karten perfekt erg\u00e4nzen. Unsere Themenwelt ist vielf\u00e4ltig und bietet dir Motive mit Tieren, traumhafte Editionen von Tausendsch\u00f6n, kreative Illustrationen sowie beeindruckende Landschaften [&hellip;]<\/p>\n","protected":false},"author":2,"featured_media":0,"parent":587,"menu_order":2,"comment_status":"closed","ping_status":"closed","template":"","meta":{"footnotes":""},"class_list":["post-589","page","type-page","status-publish","hentry"],"_links":{"self":[{"href":"https:\/\/www.loja-rundum.de\/de\/wp-json\/wp\/v2\/pages\/589","targetHints":{"allow":["GET"]}}],"collection":[{"href":"https:\/\/www.loja-rundum.de\/de\/wp-json\/wp\/v2\/pages"}],"about":[{"href":"https:\/\/www.loja-rundum.de\/de\/wp-json\/wp\/v2\/types\/page"}],"author":[{"embeddable":true,"href":"https:\/\/www.loja-rundum.de\/de\/wp-json\/wp\/v2\/users\/2"}],"replies":[{"embeddable":true,"href":"https:\/\/www.loja-rundum.de\/de\/wp-json\/wp\/v2\/comments?post=589"}],"version-history":[{"count":13,"href":"https:\/\/www.loja-rundum.de\/de\/wp-json\/wp\/v2\/pages\/589\/revisions"}],"predecessor-version":[{"id":8277,"href":"https:\/\/www.loja-rundum.de\/de\/wp-json\/wp\/v2\/pages\/589\/revisions\/8277"}],"up":[{"embeddable":true,"href":"https:\/\/www.loja-rundum.de\/de\/wp-json\/wp\/v2\/pages\/587"}],"wp:attachment":[{"href":"https:\/\/www.loja-rundum.de\/de\/wp-json\/wp\/v2\/media?parent=589"}],"curies":[{"name":"wp","href":"https:\/\/api.w.org\/{rel}","templated":true}]}}