{"id":10218,"date":"2023-10-29T12:52:47","date_gmt":"2023-10-29T11:52:47","guid":{"rendered":"https:\/\/www.loja-rundum.de\/de\/?post_type=product&#038;p=10218"},"modified":"2026-03-26T23:40:50","modified_gmt":"2026-03-26T22:40:50","slug":"blumenstrauss-in-milchkanne-taurus-kunstkarten","status":"publish","type":"product","link":"https:\/\/www.loja-rundum.de\/de\/produkt\/blumenstrauss-in-milchkanne-taurus-kunstkarten\/","title":{"rendered":"\u00dcberraschung (Blumenstrau\u00df) &#8211; Taurus Kunstkarten"},"content":{"rendered":"<p>\u00dcberraschung (Blumenstrau\u00df)<\/p>\n","protected":false},"excerpt":{"rendered":"<div class=\"credit--entry\">\n<div class=\"credit--entry\">\n<div class=\"product-info--entry product--credit\">\n<div class=\"credit--entry\">\n<div class=\"product-info--entry product--paper-type\">Magitta Dahlke<\/div>\n<\/div>\n<\/div>\n<\/div>\n<\/div>\n<div class=\"article-item-format\"><span id=\"phContent_ArticleItem_65271_lblFormat\">Postkarten 105x150mm<\/span><\/div>\n<div><\/div>\n<div>\n<h6>Wasserzeichen<br \/>\nAlle Postkarten sind im Original <strong>OHNE<\/strong> den Schriftzug,<br \/>\nwww.loja-rundum.de, er dient lediglich als Kopierschutz!<\/h6>\n<\/div>\n<div class=\"article-item-format\"><\/div>\n<div class=\"article-item-format\"><\/div>\n<div class=\"article-item-format\"><\/div>\n","protected":false},"featured_media":10219,"template":"","meta":[],"product_brand":[],"product_cat":[33,253],"product_tag":[595,126,114],"class_list":{"0":"post-10218","1":"product","2":"type-product","3":"status-publish","4":"has-post-thumbnail","6":"product_cat-postkarten","7":"product_cat-landschaften-natur","8":"product_tag-blumenstrauss","9":"product_tag-blumen","10":"product_tag-taurus-kunstkarten","11":"product_shipping_class-dhl","13":"first","14":"instock","15":"taxable","16":"shipping-taxable","17":"purchasable","18":"product-type-simple"},"_links":{"self":[{"href":"https:\/\/www.loja-rundum.de\/de\/wp-json\/wp\/v2\/product\/10218","targetHints":{"allow":["GET"]}}],"collection":[{"href":"https:\/\/www.loja-rundum.de\/de\/wp-json\/wp\/v2\/product"}],"about":[{"href":"https:\/\/www.loja-rundum.de\/de\/wp-json\/wp\/v2\/types\/product"}],"wp:featuredmedia":[{"embeddable":true,"href":"https:\/\/www.loja-rundum.de\/de\/wp-json\/wp\/v2\/media\/10219"}],"wp:attachment":[{"href":"https:\/\/www.loja-rundum.de\/de\/wp-json\/wp\/v2\/media?parent=10218"}],"wp:term":[{"taxonomy":"product_brand","embeddable":true,"href":"https:\/\/www.loja-rundum.de\/de\/wp-json\/wp\/v2\/product_brand?post=10218"},{"taxonomy":"product_cat","embeddable":true,"href":"https:\/\/www.loja-rundum.de\/de\/wp-json\/wp\/v2\/product_cat?post=10218"},{"taxonomy":"product_tag","embeddable":true,"href":"https:\/\/www.loja-rundum.de\/de\/wp-json\/wp\/v2\/product_tag?post=10218"}],"curies":[{"name":"wp","href":"https:\/\/api.w.org\/{rel}","templated":true}]}}