{"id":11724,"date":"2024-01-08T19:52:56","date_gmt":"2024-01-08T18:52:56","guid":{"rendered":"https:\/\/www.loja-rundum.de\/de\/?post_type=product&#038;p=11724"},"modified":"2025-04-25T16:53:54","modified_gmt":"2025-04-25T14:53:54","slug":"zeit-zu-feiern-sekt-edition-gollong","status":"publish","type":"product","link":"https:\/\/www.loja-rundum.de\/de\/produkt\/zeit-zu-feiern-sekt-edition-gollong\/","title":{"rendered":"Gro\u00dfer und kleiner B\u00e4r &#8211; Edition Gollong"},"content":{"rendered":"<p>Gro\u00dfer und kleiner B\u00e4r<\/p>\n","protected":false},"excerpt":{"rendered":"<p><span id=\"phContent_ArticleItem_73971_lblAuthor\" class=\"article-item-autor\">Julia Reyelt<\/span><\/p>\n<p><span id=\"phContent_ArticleItem_73971_lblOccasion\" class=\"article-item-occasion\"><\/span><span id=\"phContent_ArticleItem_73971_lblFinishing\" class=\"article-item-finishing\">Glitter multi<\/span><\/p>\n<div class=\"article-item-format\"><span id=\"phContent_ArticleItem_65167_lblFormat\">Postkarten 105x150mm<\/span><\/div>\n<div><\/div>\n<div>\n<h6>Wasserzeichen<br \/>\nAlle Postkarten sind im Original <strong>OHNE<\/strong> den Schriftzug,<br \/>\nwww.loja-rundum.de, er dient lediglich als Kopierschutz!<\/h6>\n<\/div>\n<div class=\"article-item-format\"><\/div>\n<div class=\"article-item-format\"><\/div>\n<div class=\"article-item-format\"><\/div>\n","protected":false},"featured_media":11725,"template":"","meta":[],"product_brand":[],"product_cat":[33,34],"product_tag":[1370,1371,47],"class_list":{"0":"post-11724","1":"product","2":"type-product","3":"status-publish","4":"has-post-thumbnail","6":"product_cat-postkarten","7":"product_cat-illustrationen","8":"product_tag-grosser-und-kleiner-baer","9":"product_tag-julia-reyelt","10":"product_tag-edition-gollong","11":"product_shipping_class-dhl","13":"first","14":"instock","15":"taxable","16":"shipping-taxable","17":"purchasable","18":"product-type-simple"},"_links":{"self":[{"href":"https:\/\/www.loja-rundum.de\/de\/wp-json\/wp\/v2\/product\/11724","targetHints":{"allow":["GET"]}}],"collection":[{"href":"https:\/\/www.loja-rundum.de\/de\/wp-json\/wp\/v2\/product"}],"about":[{"href":"https:\/\/www.loja-rundum.de\/de\/wp-json\/wp\/v2\/types\/product"}],"wp:featuredmedia":[{"embeddable":true,"href":"https:\/\/www.loja-rundum.de\/de\/wp-json\/wp\/v2\/media\/11725"}],"wp:attachment":[{"href":"https:\/\/www.loja-rundum.de\/de\/wp-json\/wp\/v2\/media?parent=11724"}],"wp:term":[{"taxonomy":"product_brand","embeddable":true,"href":"https:\/\/www.loja-rundum.de\/de\/wp-json\/wp\/v2\/product_brand?post=11724"},{"taxonomy":"product_cat","embeddable":true,"href":"https:\/\/www.loja-rundum.de\/de\/wp-json\/wp\/v2\/product_cat?post=11724"},{"taxonomy":"product_tag","embeddable":true,"href":"https:\/\/www.loja-rundum.de\/de\/wp-json\/wp\/v2\/product_tag?post=11724"}],"curies":[{"name":"wp","href":"https:\/\/api.w.org\/{rel}","templated":true}]}}