{"id":11778,"date":"2024-01-09T07:20:03","date_gmt":"2024-01-09T06:20:03","guid":{"rendered":"https:\/\/www.loja-rundum.de\/de\/?post_type=product&#038;p=11778"},"modified":"2026-01-26T21:23:33","modified_gmt":"2026-01-26T20:23:33","slug":"hasenpaar-edition-gollong","status":"publish","type":"product","link":"https:\/\/www.loja-rundum.de\/de\/produkt\/hasenpaar-edition-gollong\/","title":{"rendered":"Fr\u00fchlingsbl\u00fctenstrau\u00df &#8211; Edition Gollong"},"content":{"rendered":"<h1 class=\"heading\">Fr\u00fchlingsbl\u00fctenstrau\u00df<\/h1>\n","protected":false},"excerpt":{"rendered":"<p class=\"content--format content\">Format: Quadratische Postkarte<\/p>\n<div class=\"content--paper-type content\"><span id=\"phContent_ArticleItem_75708_lblAuthor\" class=\"article-item-autor\">Carola Pabst<\/span><\/div>\n<div class=\"content--paper-type content\"><\/div>\n<div class=\"content--paper-type content\"><span id=\"phContent_ArticleItem_75708_lblOccasion\" class=\"article-item-occasion\">Neutral \/ Blanko<\/span><\/div>\n<div class=\"content--paper-type content\"><span id=\"phContent_ArticleItem_75708_lblFinishing\" class=\"article-item-finishing\">Glitter multi<\/span><\/div>\n<p>Ma\u00dfe (H x B) in cm: 14 x 14 cm<\/p>\n<p>&nbsp;<\/p>\n<p>&nbsp;<\/p>\n<h6>Wasserzeichen<br \/>\nAlle Postkarten sind im Original <strong>OHNE<\/strong> den Schriftzug,<br \/>\nwww.loja-rundum.de, er dient lediglich als Kopierschutz!<\/h6>\n<div class=\"article-item-format\"><\/div>\n<div class=\"article-item-format\"><\/div>\n<div class=\"article-item-format\"><\/div>\n","protected":false},"featured_media":11779,"template":"","meta":[],"product_brand":[],"product_cat":[252,33],"product_tag":[72,47],"class_list":{"0":"post-11778","1":"product","2":"type-product","3":"status-publish","4":"has-post-thumbnail","6":"product_cat-sonderformarte","7":"product_cat-postkarten","8":"product_tag-carola-pabst","9":"product_tag-edition-gollong","10":"product_shipping_class-dhl","12":"first","13":"instock","14":"taxable","15":"shipping-taxable","16":"purchasable","17":"product-type-simple"},"_links":{"self":[{"href":"https:\/\/www.loja-rundum.de\/de\/wp-json\/wp\/v2\/product\/11778","targetHints":{"allow":["GET"]}}],"collection":[{"href":"https:\/\/www.loja-rundum.de\/de\/wp-json\/wp\/v2\/product"}],"about":[{"href":"https:\/\/www.loja-rundum.de\/de\/wp-json\/wp\/v2\/types\/product"}],"wp:featuredmedia":[{"embeddable":true,"href":"https:\/\/www.loja-rundum.de\/de\/wp-json\/wp\/v2\/media\/11779"}],"wp:attachment":[{"href":"https:\/\/www.loja-rundum.de\/de\/wp-json\/wp\/v2\/media?parent=11778"}],"wp:term":[{"taxonomy":"product_brand","embeddable":true,"href":"https:\/\/www.loja-rundum.de\/de\/wp-json\/wp\/v2\/product_brand?post=11778"},{"taxonomy":"product_cat","embeddable":true,"href":"https:\/\/www.loja-rundum.de\/de\/wp-json\/wp\/v2\/product_cat?post=11778"},{"taxonomy":"product_tag","embeddable":true,"href":"https:\/\/www.loja-rundum.de\/de\/wp-json\/wp\/v2\/product_tag?post=11778"}],"curies":[{"name":"wp","href":"https:\/\/api.w.org\/{rel}","templated":true}]}}