{"id":1294,"date":"2021-06-26T18:34:41","date_gmt":"2021-06-26T16:34:41","guid":{"rendered":"https:\/\/www.loja-rundum.de\/?post_type=product&#038;p=1294"},"modified":"2026-04-08T16:59:07","modified_gmt":"2026-04-08T14:59:07","slug":"schloss-neuschwanstein-schoening-verlag-3","status":"publish","type":"product","link":"https:\/\/www.loja-rundum.de\/de\/produkt\/schloss-neuschwanstein-schoening-verlag-3\/","title":{"rendered":"Schloss Neuschwanstein &#8211; Sch\u00f6ning Verlag"},"content":{"rendered":"","protected":false},"excerpt":{"rendered":"<p>Sch\u00f6ne Gr\u00fc\u00dfe vom Schloss Neuschwanstein<br \/>\n<span id=\"phContent_ArticleItem_43081_lblFormat\">Postkarten 105x150mm<\/span><\/p>\n<div><\/div>\n<div>\n<h6>Wasserzeichen<br \/>\nAlle Postkarten sind im Original <strong>OHNE<\/strong> den Schriftzug,<br \/>\nwww.loja-rundum.de, er dient lediglich als Kopierschutz!<\/h6>\n<\/div>\n<div class=\"article-item-format\"><\/div>\n<div class=\"article-item-format\"><\/div>\n<div class=\"article-item-format\"><\/div>\n","protected":false},"featured_media":1292,"template":"","meta":[],"product_brand":[],"product_cat":[30,33],"product_tag":[141,274,277],"class_list":{"0":"post-1294","1":"product","2":"type-product","3":"status-publish","4":"has-post-thumbnail","6":"product_cat-ansichtskarten","7":"product_cat-postkarten","8":"product_tag-postcrossing","9":"product_tag-schloss-neuschwanstein","10":"product_tag-schoening","11":"product_shipping_class-dhl","13":"first","14":"instock","15":"taxable","16":"shipping-taxable","17":"purchasable","18":"product-type-simple"},"_links":{"self":[{"href":"https:\/\/www.loja-rundum.de\/de\/wp-json\/wp\/v2\/product\/1294","targetHints":{"allow":["GET"]}}],"collection":[{"href":"https:\/\/www.loja-rundum.de\/de\/wp-json\/wp\/v2\/product"}],"about":[{"href":"https:\/\/www.loja-rundum.de\/de\/wp-json\/wp\/v2\/types\/product"}],"wp:featuredmedia":[{"embeddable":true,"href":"https:\/\/www.loja-rundum.de\/de\/wp-json\/wp\/v2\/media\/1292"}],"wp:attachment":[{"href":"https:\/\/www.loja-rundum.de\/de\/wp-json\/wp\/v2\/media?parent=1294"}],"wp:term":[{"taxonomy":"product_brand","embeddable":true,"href":"https:\/\/www.loja-rundum.de\/de\/wp-json\/wp\/v2\/product_brand?post=1294"},{"taxonomy":"product_cat","embeddable":true,"href":"https:\/\/www.loja-rundum.de\/de\/wp-json\/wp\/v2\/product_cat?post=1294"},{"taxonomy":"product_tag","embeddable":true,"href":"https:\/\/www.loja-rundum.de\/de\/wp-json\/wp\/v2\/product_tag?post=1294"}],"curies":[{"name":"wp","href":"https:\/\/api.w.org\/{rel}","templated":true}]}}