{"id":1330,"date":"2021-07-04T10:13:06","date_gmt":"2021-07-04T08:13:06","guid":{"rendered":"https:\/\/www.loja-rundum.de\/?post_type=product&#038;p=1330"},"modified":"2025-10-25T19:21:21","modified_gmt":"2025-10-25T17:21:21","slug":"weimar-chronik-schoening-verlag","status":"publish","type":"product","link":"https:\/\/www.loja-rundum.de\/de\/produkt\/weimar-chronik-schoening-verlag\/","title":{"rendered":"Weimar &#8211; CHRONIK &#8211; Sch\u00f6ning Verlag"},"content":{"rendered":"","protected":false},"excerpt":{"rendered":"<p>Sch\u00f6ne Gr\u00fc\u00dfe aus Weimar<br \/>\n<span id=\"phContent_ArticleItem_43081_lblFormat\">Postkarten 105x150mm<\/span><\/p>\n<div><\/div>\n<div>\n<h6>Wasserzeichen<br \/>\nAlle Postkarten sind im Original <strong>OHNE<\/strong> den Schriftzug,<br \/>\nwww.loja-rundum.de, er dient lediglich als Kopierschutz!<\/h6>\n<\/div>\n<div class=\"article-item-format\"><\/div>\n<div class=\"article-item-format\"><\/div>\n<div class=\"article-item-format\"><\/div>\n","protected":false},"featured_media":1331,"template":"","meta":[],"product_brand":[],"product_cat":[30,33],"product_tag":[402,141,277,408],"class_list":{"0":"post-1330","1":"product","2":"type-product","3":"status-publish","4":"has-post-thumbnail","6":"product_cat-ansichtskarten","7":"product_cat-postkarten","8":"product_tag-chronik-karte","9":"product_tag-postcrossing","10":"product_tag-schoening","11":"product_tag-weimar","12":"product_shipping_class-dhl","14":"first","15":"instock","16":"taxable","17":"shipping-taxable","18":"purchasable","19":"product-type-simple"},"_links":{"self":[{"href":"https:\/\/www.loja-rundum.de\/de\/wp-json\/wp\/v2\/product\/1330","targetHints":{"allow":["GET"]}}],"collection":[{"href":"https:\/\/www.loja-rundum.de\/de\/wp-json\/wp\/v2\/product"}],"about":[{"href":"https:\/\/www.loja-rundum.de\/de\/wp-json\/wp\/v2\/types\/product"}],"wp:featuredmedia":[{"embeddable":true,"href":"https:\/\/www.loja-rundum.de\/de\/wp-json\/wp\/v2\/media\/1331"}],"wp:attachment":[{"href":"https:\/\/www.loja-rundum.de\/de\/wp-json\/wp\/v2\/media?parent=1330"}],"wp:term":[{"taxonomy":"product_brand","embeddable":true,"href":"https:\/\/www.loja-rundum.de\/de\/wp-json\/wp\/v2\/product_brand?post=1330"},{"taxonomy":"product_cat","embeddable":true,"href":"https:\/\/www.loja-rundum.de\/de\/wp-json\/wp\/v2\/product_cat?post=1330"},{"taxonomy":"product_tag","embeddable":true,"href":"https:\/\/www.loja-rundum.de\/de\/wp-json\/wp\/v2\/product_tag?post=1330"}],"curies":[{"name":"wp","href":"https:\/\/api.w.org\/{rel}","templated":true}]}}