{"id":1338,"date":"2021-07-04T10:57:11","date_gmt":"2021-07-04T08:57:11","guid":{"rendered":"https:\/\/www.loja-rundum.de\/?post_type=product&#038;p=1338"},"modified":"2026-04-21T14:57:29","modified_gmt":"2026-04-21T12:57:29","slug":"travemuende-schoening-verlag","status":"publish","type":"product","link":"https:\/\/www.loja-rundum.de\/de\/produkt\/travemuende-schoening-verlag\/","title":{"rendered":"Travem\u00fcnde &#8211; Sch\u00f6ning Verlag"},"content":{"rendered":"","protected":false},"excerpt":{"rendered":"<p>Sch\u00f6ne Gr\u00fc\u00dfe aus dem Osteseeheilbad Travem\u00fcnde<br \/>\n<span id=\"phContent_ArticleItem_43081_lblFormat\">Postkarten 105x150mm<\/span><\/p>\n<div><\/div>\n<div>\n<h6>Wasserzeichen<br \/>\nAlle Postkarten sind im Original <strong>OHNE<\/strong> den Schriftzug,<br \/>\nwww.loja-rundum.de, er dient lediglich als Kopierschutz!<\/h6>\n<\/div>\n<div class=\"article-item-format\"><\/div>\n<div class=\"article-item-format\"><\/div>\n<div class=\"article-item-format\"><\/div>\n","protected":false},"featured_media":1339,"template":"","meta":[],"product_brand":[],"product_cat":[30,33],"product_tag":[141,414,277,415,413],"class_list":{"0":"post-1338","1":"product","2":"type-product","3":"status-publish","4":"has-post-thumbnail","6":"product_cat-ansichtskarten","7":"product_cat-postkarten","8":"product_tag-postcrossing","9":"product_tag-schiff","10":"product_tag-schoening","11":"product_tag-segelschiff","12":"product_tag-travemuende","13":"product_shipping_class-dhl","15":"first","16":"instock","17":"taxable","18":"shipping-taxable","19":"purchasable","20":"product-type-simple"},"_links":{"self":[{"href":"https:\/\/www.loja-rundum.de\/de\/wp-json\/wp\/v2\/product\/1338","targetHints":{"allow":["GET"]}}],"collection":[{"href":"https:\/\/www.loja-rundum.de\/de\/wp-json\/wp\/v2\/product"}],"about":[{"href":"https:\/\/www.loja-rundum.de\/de\/wp-json\/wp\/v2\/types\/product"}],"wp:featuredmedia":[{"embeddable":true,"href":"https:\/\/www.loja-rundum.de\/de\/wp-json\/wp\/v2\/media\/1339"}],"wp:attachment":[{"href":"https:\/\/www.loja-rundum.de\/de\/wp-json\/wp\/v2\/media?parent=1338"}],"wp:term":[{"taxonomy":"product_brand","embeddable":true,"href":"https:\/\/www.loja-rundum.de\/de\/wp-json\/wp\/v2\/product_brand?post=1338"},{"taxonomy":"product_cat","embeddable":true,"href":"https:\/\/www.loja-rundum.de\/de\/wp-json\/wp\/v2\/product_cat?post=1338"},{"taxonomy":"product_tag","embeddable":true,"href":"https:\/\/www.loja-rundum.de\/de\/wp-json\/wp\/v2\/product_tag?post=1338"}],"curies":[{"name":"wp","href":"https:\/\/api.w.org\/{rel}","templated":true}]}}