{"id":14133,"date":"2024-07-05T08:07:16","date_gmt":"2024-07-05T06:07:16","guid":{"rendered":"https:\/\/www.loja-rundum.de\/de\/?post_type=product&#038;p=14133"},"modified":"2026-04-07T13:03:43","modified_gmt":"2026-04-07T11:03:43","slug":"lachmoewen-octavie-wolters-bb-2","status":"publish","type":"product","link":"https:\/\/www.loja-rundum.de\/de\/produkt\/lachmoewen-octavie-wolters-bb-2\/","title":{"rendered":"DAME MIT SOMMERGETR\u00c4NK- Holzschliffpostkarten"},"content":{"rendered":"<div class=\"flex-1 overflow-hidden\">\n<div class=\"h-full\">\n<div class=\"react-scroll-to-bottom--css-chilt-79elbk h-full\">\n<div class=\"react-scroll-to-bottom--css-chilt-1n7m0yu\">\n<div class=\"flex flex-col text-sm md:pb-9\">\n<div class=\"w-full text-token-text-primary\" dir=\"auto\" data-testid=\"conversation-turn-5\" data-scroll-anchor=\"true\">\n<div class=\"py-2 juice:py-[18px] px-3 text-base md:px-4 m-auto md:px-5 lg:px-1 xl:px-5\">\n<div class=\"mx-auto flex flex-1 gap-3 text-base juice:gap-4 juice:md:gap-5 juice:lg:gap-6 md:max-w-3xl lg:max-w-[40rem] xl:max-w-[48rem]\">\n<div class=\"group\/conversation-turn relative flex w-full min-w-0 flex-col agent-turn\">\n<div class=\"flex-col gap-1 md:gap-3\">\n<div class=\"flex flex-grow flex-col max-w-full\">\n<div class=\"min-h-[20px] text-message flex flex-col items-start whitespace-pre-wrap break-words [.text-message+&#038;]:mt-5 juice:w-full juice:items-end overflow-x-auto gap-2\" dir=\"auto\" data-message-author-role=\"assistant\" data-message-id=\"56146e52-88cd-48e0-953d-dcc5027773aa\">\n<div class=\"flex w-full flex-col gap-1 juice:empty:hidden juice:first:pt-[3px]\">\n<div class=\"markdown prose w-full break-words dark:prose-invert light\">\n<h3><strong>Die besondere Postkarte<\/strong><\/h3>\n<h3>Produktbeschreibung: Holzschliffpostkarten<\/h3>\n<p>Erlebt den Charme und die Nat\u00fcrlichkeit unserer hochwertigen Holzschliffpostkarten. Diese Postkarten sind ideal f\u00fcr alle, die eine rustikale und nostalgische Note in ihre Korrespondenz bringen m\u00f6chten. Sie eignen sich perfekt f\u00fcr pers\u00f6nliche Nachrichten, Einladungen, Dankeskarten und k\u00fcnstlerische Projekte.<\/p>\n<h4>Eigenschaften:<\/h4>\n<ul>\n<li><strong>Einzigartige Textur<\/strong>: Unsere Holzschliffpostkarten zeichnen sich durch ihre leicht raue und nat\u00fcrliche Oberfl\u00e4che aus, die jeder Karte eine besondere Haptik verleiht.<\/li>\n<li><strong>Nat\u00fcrliche Farbe<\/strong>: Die cremefarbene bis leicht gelbliche T\u00f6nung der Postkarten sorgt f\u00fcr einen warmen, einladenden Look, der an Vintage-Karten erinnert.<\/li>\n<li><strong>Robust und haltbar<\/strong>: Trotz der nat\u00fcrlichen Materialien sind unsere Postkarten robust genug, um den Postversand unbeschadet zu \u00fcberstehen.<\/li>\n<li><strong>Umweltfreundlich<\/strong>: Hergestellt aus Holzschliffpapier, das aus nachhaltig bewirtschafteten W\u00e4ldern stammt, sind unsere Postkarten eine umweltbewusste Wahl.<\/li>\n<li><strong>Vielseitig<\/strong>: Ideal f\u00fcr verschiedenste Anwendungen \u2013 ob f\u00fcr pers\u00f6nliche Gr\u00fc\u00dfe, kreative Projekte oder gesch\u00e4ftliche Korrespondenz.<\/li>\n<\/ul>\n<h4>Vorteile:<\/h4>\n<ul>\n<li><strong>K\u00fcnstlerischer Charme<\/strong>: Die einzigartige Optik und Haptik unserer Holzschliffpostkarten machen sie zu einem bevorzugten Medium f\u00fcr K\u00fcnstler und Designer.<\/li>\n<li><strong>Nachhaltigkeit<\/strong>: Durch den Einsatz von Holzschliffpapier unterst\u00fctzen Sie nachhaltige und umweltfreundliche Praktiken.<\/li>\n<\/ul>\n<h4>Produktdetails:<\/h4>\n<ul>\n<li><strong>Format<\/strong>: Standard-Postkartengr\u00f6\u00dfe ( 15 x 10,5 cm)<\/li>\n<li><strong>Material<\/strong>: Hochwertiges Holzschliffpapier<\/li>\n<\/ul>\n<p>Mit unseren Holzschliffpostkarten setzen Sie auf ein Produkt, das Tradition und Nachhaltigkeit vereint. Versendet Nachrichten mit Stil und einem Hauch von Natur. Perfekt f\u00fcr alle, die das Besondere sch\u00e4tzen.<\/p>\n<\/div>\n<\/div>\n<\/div>\n<\/div>\n<\/div>\n<\/div>\n<\/div>\n<\/div>\n<\/div>\n<\/div>\n<\/div>\n<\/div>\n<\/div>\n<\/div>\n<div class=\"w-full md:pt-0 dark:border-white\/20 md:border-transparent md:dark:border-transparent md:w-[calc(100%-.5rem)] juice:w-full\">\n<div class=\"px-3 text-base md:px-4 m-auto md:px-5 lg:px-1 xl:px-5\">\n<div class=\"mx-auto flex flex-1 gap-3 text-base juice:gap-4 juice:md:gap-5 juice:lg:gap-6 md:max-w-3xl lg:max-w-[40rem] xl:max-w-[48rem]\">\n<form class=\"w-full\" aria-haspopup=\"dialog\" aria-expanded=\"false\" aria-controls=\"radix-:r2:\" data-state=\"closed\">\n<div class=\"relative flex h-full max-w-full flex-1 flex-col\">\n<div class=\"flex w-full items-center\">\n<div class=\"flex w-full flex-col gap-1.5 rounded-[26px] p-1.5 transition-colors bg-[#f4f4f4] dark:bg-token-main-surface-secondary\">\n<div class=\"flex items-end gap-1.5 md:gap-2\">\n<div class=\"flex min-w-0 flex-1 flex-col\"><\/div>\n<\/div>\n<\/div>\n<\/div>\n<\/div>\n<\/form>\n<\/div>\n<\/div>\n<\/div>\n","protected":false},"excerpt":{"rendered":"<div class=\"credit--entry\">\n<div class=\"credit--entry\">\n<div class=\"product-info--entry product--finishing\">\n<div class=\"product-item__content\">\n<div class=\"product-item__title\">Wundersch\u00f6n illustrierte Postkarte auf edlem Holzschliffpapier 580gm2<\/div>\n<div><\/div>\n<\/div>\n<h6 class=\"u-text-normalcase\"><span id=\"phContent_ArticleItem_65271_lblFormat\">Postkarten 105x150mm<\/span><\/h6>\n<\/div>\n<\/div>\n<\/div>\n<div><\/div>\n<div>\n<h6>Wasserzeichen<br \/>\nAlle Postkarten sind im Original <strong>OHNE<\/strong> den Schriftzug,<br \/>\nwww.loja-rundum.de, er dient lediglich als Kopierschutz!<\/h6>\n<\/div>\n<div class=\"article-item-format\"><\/div>\n<div class=\"article-item-format\"><\/div>\n<div class=\"article-item-format\"><\/div>\n","protected":false},"featured_media":14134,"template":"","meta":[],"product_brand":[],"product_cat":[33,1133,805],"product_tag":[1536,1537],"class_list":{"0":"post-14133","1":"product","2":"type-product","3":"status-publish","4":"has-post-thumbnail","6":"product_cat-postkarten","7":"product_cat-holzschliffkarten-nachhaltig","8":"product_cat-maritimes-und-meer","9":"product_tag-aktetre","10":"product_tag-dame-mit-sommergetraenk","11":"product_shipping_class-dhl","13":"first","14":"instock","15":"taxable","16":"shipping-taxable","17":"purchasable","18":"product-type-simple"},"_links":{"self":[{"href":"https:\/\/www.loja-rundum.de\/de\/wp-json\/wp\/v2\/product\/14133","targetHints":{"allow":["GET"]}}],"collection":[{"href":"https:\/\/www.loja-rundum.de\/de\/wp-json\/wp\/v2\/product"}],"about":[{"href":"https:\/\/www.loja-rundum.de\/de\/wp-json\/wp\/v2\/types\/product"}],"wp:featuredmedia":[{"embeddable":true,"href":"https:\/\/www.loja-rundum.de\/de\/wp-json\/wp\/v2\/media\/14134"}],"wp:attachment":[{"href":"https:\/\/www.loja-rundum.de\/de\/wp-json\/wp\/v2\/media?parent=14133"}],"wp:term":[{"taxonomy":"product_brand","embeddable":true,"href":"https:\/\/www.loja-rundum.de\/de\/wp-json\/wp\/v2\/product_brand?post=14133"},{"taxonomy":"product_cat","embeddable":true,"href":"https:\/\/www.loja-rundum.de\/de\/wp-json\/wp\/v2\/product_cat?post=14133"},{"taxonomy":"product_tag","embeddable":true,"href":"https:\/\/www.loja-rundum.de\/de\/wp-json\/wp\/v2\/product_tag?post=14133"}],"curies":[{"name":"wp","href":"https:\/\/api.w.org\/{rel}","templated":true}]}}