{"id":14665,"date":"2024-08-04T10:00:17","date_gmt":"2024-08-04T08:00:17","guid":{"rendered":"https:\/\/www.loja-rundum.de\/de\/?post_type=product&#038;p=14665"},"modified":"2025-12-09T10:30:32","modified_gmt":"2025-12-09T09:30:32","slug":"einen-guten-rutsch-katzen-edition-gollong","status":"publish","type":"product","link":"https:\/\/www.loja-rundum.de\/de\/produkt\/einen-guten-rutsch-katzen-edition-gollong\/","title":{"rendered":"Liebe Gr\u00fc\u00dfe zum Fest (Rotkehlchen) &#8211; Edition Gollong"},"content":{"rendered":"<p>Liebe Gr\u00fc\u00dfe zum Fest (Rotkehlchen)<\/p>\n","protected":false},"excerpt":{"rendered":"<p><span id=\"phContent_ArticleItem_77106_lblAuthor\" class=\"article-item-autor\">Nina Chen<br \/>\n<\/span><span id=\"phContent_ArticleItem_77106_lblOccasion\" class=\"article-item-occasion\">Weihnachten<br \/>\n<\/span><span id=\"phContent_ArticleItem_77106_lblFinishing\" class=\"article-item-finishing\">Keine Veredelung<\/span><\/p>\n<div class=\"article-item-format\"><span id=\"phContent_ArticleItem_69396_lblFormat\">Postkarten 105x150mm<\/span><\/div>\n<div><\/div>\n<div><\/div>\n<div>\n<h6>Wasserzeichen<br \/>\nAlle Postkarten sind im Original <strong>OHNE<\/strong> den Schriftzug,<br \/>\nwww.loja-rundum.de, er dient lediglich als Kopierschutz!<\/h6>\n<\/div>\n<div class=\"article-item-format\"><\/div>\n<div class=\"article-item-format\"><\/div>\n<div class=\"article-item-format\"><\/div>\n","protected":false},"featured_media":14666,"template":"","meta":[],"product_brand":[],"product_cat":[547,464,33],"product_tag":[1615,47,522,377],"class_list":{"0":"post-14665","1":"product","2":"type-product","3":"status-publish","4":"has-post-thumbnail","6":"product_cat-nina-chen","7":"product_cat-weihnachten","8":"product_cat-postkarten","9":"product_tag-liebe-gruesse-zum-fest-rotkehlchen","10":"product_tag-edition-gollong","11":"product_tag-nina-chen","12":"product_tag-weihnachten","13":"product_shipping_class-dhl","15":"first","16":"instock","17":"taxable","18":"shipping-taxable","19":"purchasable","20":"product-type-simple"},"_links":{"self":[{"href":"https:\/\/www.loja-rundum.de\/de\/wp-json\/wp\/v2\/product\/14665","targetHints":{"allow":["GET"]}}],"collection":[{"href":"https:\/\/www.loja-rundum.de\/de\/wp-json\/wp\/v2\/product"}],"about":[{"href":"https:\/\/www.loja-rundum.de\/de\/wp-json\/wp\/v2\/types\/product"}],"wp:featuredmedia":[{"embeddable":true,"href":"https:\/\/www.loja-rundum.de\/de\/wp-json\/wp\/v2\/media\/14666"}],"wp:attachment":[{"href":"https:\/\/www.loja-rundum.de\/de\/wp-json\/wp\/v2\/media?parent=14665"}],"wp:term":[{"taxonomy":"product_brand","embeddable":true,"href":"https:\/\/www.loja-rundum.de\/de\/wp-json\/wp\/v2\/product_brand?post=14665"},{"taxonomy":"product_cat","embeddable":true,"href":"https:\/\/www.loja-rundum.de\/de\/wp-json\/wp\/v2\/product_cat?post=14665"},{"taxonomy":"product_tag","embeddable":true,"href":"https:\/\/www.loja-rundum.de\/de\/wp-json\/wp\/v2\/product_tag?post=14665"}],"curies":[{"name":"wp","href":"https:\/\/api.w.org\/{rel}","templated":true}]}}