{"id":15297,"date":"2024-09-25T14:02:03","date_gmt":"2024-09-25T12:02:03","guid":{"rendered":"https:\/\/www.loja-rundum.de\/de\/?post_type=product&#038;p=15297"},"modified":"2026-04-11T17:11:49","modified_gmt":"2026-04-11T15:11:49","slug":"gluecksburg-schoening-verlag-2","status":"publish","type":"product","link":"https:\/\/www.loja-rundum.de\/de\/produkt\/gluecksburg-schoening-verlag-2\/","title":{"rendered":"Meersburg &#8211; Sch\u00f6ning Verlag"},"content":{"rendered":"<p>Meersburg<\/p>\n","protected":false},"excerpt":{"rendered":"<p>Sch\u00f6ne Gr\u00fc\u00dfe aus Meersburg<br \/>\n<span id=\"phContent_ArticleItem_43081_lblFormat\">Postkarten 105x150mm<\/span><\/p>\n<div><\/div>\n<div>\n<h6>Wasserzeichen<br \/>\nAlle Postkarten sind im Original <strong>OHNE<\/strong> den Schriftzug,<br \/>\nwww.loja-rundum.de, er dient lediglich als Kopierschutz!<\/h6>\n<\/div>\n<div class=\"article-item-format\"><\/div>\n<div class=\"article-item-format\"><\/div>\n<div class=\"article-item-format\"><\/div>\n","protected":false},"featured_media":15298,"template":"","meta":[],"product_brand":[],"product_cat":[30],"product_tag":[1188,141,277],"class_list":{"0":"post-15297","1":"product","2":"type-product","3":"status-publish","4":"has-post-thumbnail","6":"product_cat-ansichtskarten","7":"product_tag-meersburg","8":"product_tag-postcrossing","9":"product_tag-schoening","10":"product_shipping_class-dhl","12":"first","13":"instock","14":"taxable","15":"shipping-taxable","16":"purchasable","17":"product-type-simple"},"_links":{"self":[{"href":"https:\/\/www.loja-rundum.de\/de\/wp-json\/wp\/v2\/product\/15297","targetHints":{"allow":["GET"]}}],"collection":[{"href":"https:\/\/www.loja-rundum.de\/de\/wp-json\/wp\/v2\/product"}],"about":[{"href":"https:\/\/www.loja-rundum.de\/de\/wp-json\/wp\/v2\/types\/product"}],"wp:featuredmedia":[{"embeddable":true,"href":"https:\/\/www.loja-rundum.de\/de\/wp-json\/wp\/v2\/media\/15298"}],"wp:attachment":[{"href":"https:\/\/www.loja-rundum.de\/de\/wp-json\/wp\/v2\/media?parent=15297"}],"wp:term":[{"taxonomy":"product_brand","embeddable":true,"href":"https:\/\/www.loja-rundum.de\/de\/wp-json\/wp\/v2\/product_brand?post=15297"},{"taxonomy":"product_cat","embeddable":true,"href":"https:\/\/www.loja-rundum.de\/de\/wp-json\/wp\/v2\/product_cat?post=15297"},{"taxonomy":"product_tag","embeddable":true,"href":"https:\/\/www.loja-rundum.de\/de\/wp-json\/wp\/v2\/product_tag?post=15297"}],"curies":[{"name":"wp","href":"https:\/\/api.w.org\/{rel}","templated":true}]}}