{"id":16917,"date":"2025-01-02T19:53:29","date_gmt":"2025-01-02T18:53:29","guid":{"rendered":"https:\/\/www.loja-rundum.de\/de\/?post_type=product&#038;p=16917"},"modified":"2026-03-22T18:48:46","modified_gmt":"2026-03-22T17:48:46","slug":"hasenfrau-am-tisch-edition-gollong","status":"publish","type":"product","link":"https:\/\/www.loja-rundum.de\/de\/produkt\/hasenfrau-am-tisch-edition-gollong\/","title":{"rendered":"Hase mit Vergi\u00dfmeinnicht Strau\u00df &#8211; Edition Gollong"},"content":{"rendered":"<p>Hase mit Vergi\u00dfmeinnicht Strau\u00df<\/p>\n","protected":false},"excerpt":{"rendered":"<p>Carola Pabst<br \/>\nOstern<br \/>\nGlitter multi<\/p>\n<div class=\"article-item-format\"><span id=\"phContent_ArticleItem_69514_lblFormat\">Postkarten 105x150mm<\/span><\/div>\n<p>&nbsp;<\/p>\n<p>Wasserzeichen<br \/>\nAlle Postkarten sind original OHNE den Schriftzug,<br \/>\nwww.loja-rundum.de, er dient nur als Kopierschutz!<\/p>\n<p>&nbsp;<\/p>\n","protected":false},"featured_media":16918,"template":"","meta":[],"product_brand":[],"product_cat":[34,606,33],"product_tag":[1909,72,47],"class_list":{"0":"post-16917","1":"product","2":"type-product","3":"status-publish","4":"has-post-thumbnail","6":"product_cat-illustrationen","7":"product_cat-ostern","8":"product_cat-postkarten","9":"product_tag-hase-mit-vergissmeinnicht-strauss","10":"product_tag-carola-pabst","11":"product_tag-edition-gollong","12":"product_shipping_class-dhl","14":"first","15":"instock","16":"taxable","17":"shipping-taxable","18":"purchasable","19":"product-type-simple"},"_links":{"self":[{"href":"https:\/\/www.loja-rundum.de\/de\/wp-json\/wp\/v2\/product\/16917","targetHints":{"allow":["GET"]}}],"collection":[{"href":"https:\/\/www.loja-rundum.de\/de\/wp-json\/wp\/v2\/product"}],"about":[{"href":"https:\/\/www.loja-rundum.de\/de\/wp-json\/wp\/v2\/types\/product"}],"wp:featuredmedia":[{"embeddable":true,"href":"https:\/\/www.loja-rundum.de\/de\/wp-json\/wp\/v2\/media\/16918"}],"wp:attachment":[{"href":"https:\/\/www.loja-rundum.de\/de\/wp-json\/wp\/v2\/media?parent=16917"}],"wp:term":[{"taxonomy":"product_brand","embeddable":true,"href":"https:\/\/www.loja-rundum.de\/de\/wp-json\/wp\/v2\/product_brand?post=16917"},{"taxonomy":"product_cat","embeddable":true,"href":"https:\/\/www.loja-rundum.de\/de\/wp-json\/wp\/v2\/product_cat?post=16917"},{"taxonomy":"product_tag","embeddable":true,"href":"https:\/\/www.loja-rundum.de\/de\/wp-json\/wp\/v2\/product_tag?post=16917"}],"curies":[{"name":"wp","href":"https:\/\/api.w.org\/{rel}","templated":true}]}}