{"id":16921,"date":"2025-01-02T19:57:32","date_gmt":"2025-01-02T18:57:32","guid":{"rendered":"https:\/\/www.loja-rundum.de\/de\/?post_type=product&#038;p=16921"},"modified":"2026-03-04T12:14:23","modified_gmt":"2026-03-04T11:14:23","slug":"hase-mit-karotte-edition-gollong","status":"publish","type":"product","link":"https:\/\/www.loja-rundum.de\/de\/produkt\/hase-mit-karotte-edition-gollong\/","title":{"rendered":"Liebe Ostergr\u00fc\u00dfe (K\u00fcken) &#8211; Edition Gollong"},"content":{"rendered":"<p>Liebe Ostergr\u00fc\u00dfe (K\u00fcken)<\/p>\n","protected":false},"excerpt":{"rendered":"<p>Shutterstock<br \/>\nOstern<br \/>\nGlitter multi<\/p>\n<div class=\"article-item-format\"><span id=\"phContent_ArticleItem_69514_lblFormat\">Postkarten 105x150mm<\/span><\/div>\n<p>&nbsp;<\/p>\n<p>Wasserzeichen<br \/>\nAlle Postkarten sind original OHNE den Schriftzug,<br \/>\nwww.loja-rundum.de, er dient nur als Kopierschutz!<\/p>\n<p>&nbsp;<\/p>\n","protected":false},"featured_media":16922,"template":"","meta":[],"product_brand":[],"product_cat":[33,34,606],"product_tag":[1907,47],"class_list":{"0":"post-16921","1":"product","2":"type-product","3":"status-publish","4":"has-post-thumbnail","6":"product_cat-postkarten","7":"product_cat-illustrationen","8":"product_cat-ostern","9":"product_tag-liebe-ostergruesse-kueken","10":"product_tag-edition-gollong","11":"product_shipping_class-dhl","13":"first","14":"instock","15":"taxable","16":"shipping-taxable","17":"purchasable","18":"product-type-simple"},"_links":{"self":[{"href":"https:\/\/www.loja-rundum.de\/de\/wp-json\/wp\/v2\/product\/16921","targetHints":{"allow":["GET"]}}],"collection":[{"href":"https:\/\/www.loja-rundum.de\/de\/wp-json\/wp\/v2\/product"}],"about":[{"href":"https:\/\/www.loja-rundum.de\/de\/wp-json\/wp\/v2\/types\/product"}],"wp:featuredmedia":[{"embeddable":true,"href":"https:\/\/www.loja-rundum.de\/de\/wp-json\/wp\/v2\/media\/16922"}],"wp:attachment":[{"href":"https:\/\/www.loja-rundum.de\/de\/wp-json\/wp\/v2\/media?parent=16921"}],"wp:term":[{"taxonomy":"product_brand","embeddable":true,"href":"https:\/\/www.loja-rundum.de\/de\/wp-json\/wp\/v2\/product_brand?post=16921"},{"taxonomy":"product_cat","embeddable":true,"href":"https:\/\/www.loja-rundum.de\/de\/wp-json\/wp\/v2\/product_cat?post=16921"},{"taxonomy":"product_tag","embeddable":true,"href":"https:\/\/www.loja-rundum.de\/de\/wp-json\/wp\/v2\/product_tag?post=16921"}],"curies":[{"name":"wp","href":"https:\/\/api.w.org\/{rel}","templated":true}]}}