{"id":1699,"date":"2021-09-11T18:03:08","date_gmt":"2021-09-11T16:03:08","guid":{"rendered":"https:\/\/www.loja-rundum.de\/?post_type=product&#038;p=1699"},"modified":"2025-01-05T13:27:07","modified_gmt":"2025-01-05T12:27:07","slug":"winterliche-gruesse-taurus-kunstkarten","status":"publish","type":"product","link":"https:\/\/www.loja-rundum.de\/de\/produkt\/winterliche-gruesse-taurus-kunstkarten\/","title":{"rendered":"Winterliche Gr\u00fc\u00dfe &#8211; Taurus Kunstkarten"},"content":{"rendered":"<p>Winterliche Gr\u00fc\u00dfe<\/p>\n","protected":false},"excerpt":{"rendered":"<div class=\"product-info--entry product--paper-type\">\n<div class=\"product-info--entry product--finishing\">\n<div class=\"product-info--entry product--paper-type\">\n<div class=\"product-info--entry product--paper-type\">B\u00fcdinger, Mo<\/div>\n<\/div>\n<\/div>\n<\/div>\n<div class=\"article-item-format\"><span id=\"phContent_ArticleItem_66839_lblFormat\">Postkarten 105x150mm<\/span><\/div>\n<div><\/div>\n<div>\n<h6>Wasserzeichen<br \/>\nAlle Postkarten sind im Original <strong>OHNE<\/strong> den Schriftzug,<br \/>\nwww.loja-rundum.de, er dient lediglich als Kopierschutz!<\/h6>\n<\/div>\n<div class=\"article-item-format\"><\/div>\n<div class=\"article-item-format\"><\/div>\n<div class=\"article-item-format\"><\/div>\n","protected":false},"featured_media":1700,"template":"","meta":[],"product_brand":[],"product_cat":[464,33],"product_tag":[40,474,114,377,417],"class_list":{"0":"post-1699","1":"product","2":"type-product","3":"status-publish","4":"has-post-thumbnail","6":"product_cat-weihnachten","7":"product_cat-postkarten","8":"product_tag-diverse-gruesse","9":"product_tag-skier","10":"product_tag-taurus-kunstkarten","11":"product_tag-weihnachten","12":"product_tag-winter","13":"product_shipping_class-dhl","15":"first","16":"instock","17":"taxable","18":"shipping-taxable","19":"purchasable","20":"product-type-simple"},"_links":{"self":[{"href":"https:\/\/www.loja-rundum.de\/de\/wp-json\/wp\/v2\/product\/1699","targetHints":{"allow":["GET"]}}],"collection":[{"href":"https:\/\/www.loja-rundum.de\/de\/wp-json\/wp\/v2\/product"}],"about":[{"href":"https:\/\/www.loja-rundum.de\/de\/wp-json\/wp\/v2\/types\/product"}],"wp:featuredmedia":[{"embeddable":true,"href":"https:\/\/www.loja-rundum.de\/de\/wp-json\/wp\/v2\/media\/1700"}],"wp:attachment":[{"href":"https:\/\/www.loja-rundum.de\/de\/wp-json\/wp\/v2\/media?parent=1699"}],"wp:term":[{"taxonomy":"product_brand","embeddable":true,"href":"https:\/\/www.loja-rundum.de\/de\/wp-json\/wp\/v2\/product_brand?post=1699"},{"taxonomy":"product_cat","embeddable":true,"href":"https:\/\/www.loja-rundum.de\/de\/wp-json\/wp\/v2\/product_cat?post=1699"},{"taxonomy":"product_tag","embeddable":true,"href":"https:\/\/www.loja-rundum.de\/de\/wp-json\/wp\/v2\/product_tag?post=1699"}],"curies":[{"name":"wp","href":"https:\/\/api.w.org\/{rel}","templated":true}]}}