{"id":1759,"date":"2021-10-18T16:55:01","date_gmt":"2021-10-18T14:55:01","guid":{"rendered":"https:\/\/www.loja-rundum.de\/?post_type=product&#038;p=1759"},"modified":"2026-03-31T13:01:24","modified_gmt":"2026-03-31T11:01:24","slug":"weihnachten-in-koeln-3d-staedte-postkarte-edition-tausendschoen-pk806","status":"publish","type":"product","link":"https:\/\/www.loja-rundum.de\/de\/produkt\/weihnachten-in-koeln-3d-staedte-postkarte-edition-tausendschoen-pk806\/","title":{"rendered":"WEIHNACHTEN IN K\u00d6LN (3D-ST\u00c4DTE-POSTKARTE)- Edition Tausendsch\u00f6n PK806"},"content":{"rendered":"<h1 class=\"heading\">WEIHNACHTEN IN K\u00d6LN (3D-ST\u00c4DTE-POSTKARTE)<\/h1>\n","protected":false},"excerpt":{"rendered":"<p>&#8222;Everyday-Serie<\/p>\n<p>&#8222;3-D-St\u00e4dtekarten&#8220;<\/p>\n<p>Postkarte auf festem Bilderdruckpapier mit 3-D-Effekt<\/p>\n<p>Motiv: Weihnachten in K\u00f6ln<\/p>\n<p>Ma\u00dfe (H x B) in cm: 10,5 x 15 &#8220;<\/p>\n<h6>Wasserzeichen<br \/>\nAlle Postkarten sind im Original <strong>OHNE<\/strong> den Schriftzug,<br \/>\nwww.loja-rundum.de, er dient lediglich als Kopierschutz!<\/h6>\n<div class=\"article-item-format\"><\/div>\n<div class=\"article-item-format\"><\/div>\n<div class=\"article-item-format\"><\/div>\n","protected":false},"featured_media":1760,"template":"","meta":[],"product_brand":[],"product_cat":[564,147,464,33],"product_tag":[171,148,141,145,151,143,142,377],"class_list":{"0":"post-1759","1":"product","2":"type-product","3":"status-publish","4":"has-post-thumbnail","6":"product_cat-3d","7":"product_cat-edition-tausendschoen","8":"product_cat-weihnachten","9":"product_cat-postkarten","10":"product_tag-actetre","11":"product_tag-koeln","12":"product_tag-postcrossing","13":"product_tag-retro","14":"product_tag-staedte","15":"product_tag-sweet-memories","16":"product_tag-tausendschoen","17":"product_tag-weihnachten","18":"product_shipping_class-dhl","20":"first","21":"instock","22":"taxable","23":"shipping-taxable","24":"purchasable","25":"product-type-simple"},"_links":{"self":[{"href":"https:\/\/www.loja-rundum.de\/de\/wp-json\/wp\/v2\/product\/1759","targetHints":{"allow":["GET"]}}],"collection":[{"href":"https:\/\/www.loja-rundum.de\/de\/wp-json\/wp\/v2\/product"}],"about":[{"href":"https:\/\/www.loja-rundum.de\/de\/wp-json\/wp\/v2\/types\/product"}],"wp:featuredmedia":[{"embeddable":true,"href":"https:\/\/www.loja-rundum.de\/de\/wp-json\/wp\/v2\/media\/1760"}],"wp:attachment":[{"href":"https:\/\/www.loja-rundum.de\/de\/wp-json\/wp\/v2\/media?parent=1759"}],"wp:term":[{"taxonomy":"product_brand","embeddable":true,"href":"https:\/\/www.loja-rundum.de\/de\/wp-json\/wp\/v2\/product_brand?post=1759"},{"taxonomy":"product_cat","embeddable":true,"href":"https:\/\/www.loja-rundum.de\/de\/wp-json\/wp\/v2\/product_cat?post=1759"},{"taxonomy":"product_tag","embeddable":true,"href":"https:\/\/www.loja-rundum.de\/de\/wp-json\/wp\/v2\/product_tag?post=1759"}],"curies":[{"name":"wp","href":"https:\/\/api.w.org\/{rel}","templated":true}]}}