{"id":17629,"date":"2025-01-22T16:02:51","date_gmt":"2025-01-22T15:02:51","guid":{"rendered":"https:\/\/www.loja-rundum.de\/de\/?post_type=product&#038;p=17629"},"modified":"2026-04-21T14:57:30","modified_gmt":"2026-04-21T12:57:30","slug":"voegel-schraegschnittblock-bb-2","status":"publish","type":"product","link":"https:\/\/www.loja-rundum.de\/de\/produkt\/voegel-schraegschnittblock-bb-2\/","title":{"rendered":"Spatz (Schr\u00e4gschnittblock) &#8211; B&#038;B"},"content":{"rendered":"<p>Spatz (Schr\u00e4gschnittblock)<\/p>\n<div class=\"toggleable-content__content cms-content is-open\" data-target=\"toggleable.content\" aria-expanded=\"true\">Ein n\u00fctzlicher Notizblock f\u00fcr schnelle Notizen, oder wichtige Erinnerungen, die nicht vergessen werden d\u00fcrfen. Durch die im Winkel von 45 Grad abgeschnittene Unterkante bleibt die Abbildung grossz\u00fcgig im Blickfeld und bietet genug Schreibraum. Die R\u00fcckseite ist unbedruckt f\u00fcr noch mehr Schreibraum. Die einzelnen Notizbl\u00e4tter sind sicher zusammengeklebt und doch einfach, ohne Risse, vom Block abtrennbar.<\/div>\n<p>&nbsp;<\/p>\n","protected":false},"excerpt":{"rendered":"<p>Neutral \/ Blanko<br \/>\nKeine Veredelung<br \/>\nBl\u00f6cke, Notizzettel<\/p>\n<p>Ma\u00dfe: 9,5&#215;13,5x2cm<\/p>\n<div><\/div>\n<div>\n<h6>Wasserzeichen<br \/>\nAlle Postkarten sind im Original <strong>OHNE<\/strong> den Schriftzug,<br \/>\nwww.loja-rundum.de, er dient lediglich als Kopierschutz!<\/h6>\n<\/div>\n<div class=\"article-item-format\"><\/div>\n<div class=\"article-item-format\"><\/div>\n<div class=\"article-item-format\"><\/div>\n","protected":false},"featured_media":17612,"template":"","meta":[],"product_brand":[],"product_cat":[928],"product_tag":[1114,934,935,933],"class_list":{"0":"post-17629","1":"product","2":"type-product","3":"status-publish","4":"has-post-thumbnail","6":"product_cat-notiz-schraegschnittblock","7":"product_tag-bekking-blitz","8":"product_tag-notizblock","9":"product_tag-notizzettel","10":"product_tag-schraegschnittblock","11":"product_shipping_class-dhl","13":"first","14":"instock","15":"taxable","16":"shipping-taxable","17":"purchasable","18":"product-type-simple"},"_links":{"self":[{"href":"https:\/\/www.loja-rundum.de\/de\/wp-json\/wp\/v2\/product\/17629","targetHints":{"allow":["GET"]}}],"collection":[{"href":"https:\/\/www.loja-rundum.de\/de\/wp-json\/wp\/v2\/product"}],"about":[{"href":"https:\/\/www.loja-rundum.de\/de\/wp-json\/wp\/v2\/types\/product"}],"wp:featuredmedia":[{"embeddable":true,"href":"https:\/\/www.loja-rundum.de\/de\/wp-json\/wp\/v2\/media\/17612"}],"wp:attachment":[{"href":"https:\/\/www.loja-rundum.de\/de\/wp-json\/wp\/v2\/media?parent=17629"}],"wp:term":[{"taxonomy":"product_brand","embeddable":true,"href":"https:\/\/www.loja-rundum.de\/de\/wp-json\/wp\/v2\/product_brand?post=17629"},{"taxonomy":"product_cat","embeddable":true,"href":"https:\/\/www.loja-rundum.de\/de\/wp-json\/wp\/v2\/product_cat?post=17629"},{"taxonomy":"product_tag","embeddable":true,"href":"https:\/\/www.loja-rundum.de\/de\/wp-json\/wp\/v2\/product_tag?post=17629"}],"curies":[{"name":"wp","href":"https:\/\/api.w.org\/{rel}","templated":true}]}}