{"id":18749,"date":"2025-04-17T13:13:12","date_gmt":"2025-04-17T11:13:12","guid":{"rendered":"https:\/\/www.loja-rundum.de\/de\/?post_type=product&#038;p=18749"},"modified":"2026-02-16T17:06:17","modified_gmt":"2026-02-16T16:06:17","slug":"frida-kahlo-new-york","status":"publish","type":"product","link":"https:\/\/www.loja-rundum.de\/de\/produkt\/frida-kahlo-new-york\/","title":{"rendered":"Frida Kahlo:  London"},"content":{"rendered":"<p>Frida Kahlo: London<\/p>\n","protected":false},"excerpt":{"rendered":"<div class=\"credit--entry\">\n<div class=\"credit--entry\">\n<div class=\"credit--entry\">\n<div class=\"credit--entry\">\n<div class=\"product-info--entry product--credit\">\n<div class=\"credit--entry\">Sch\u00f6ne Karte im A6-Format von Fripperies. Gedruckt auf luxuri\u00f6sem Karton mit strukturiertem Druck, Tintoretto Gresso 300g-Papier. Die R\u00fcckseite der Karte ist leer, was bedeutet, dass Sie viel Platz zum Schreiben haben.<\/div>\n<div><\/div>\n<\/div>\n<\/div>\n<\/div>\n<\/div>\n<\/div>\n<div class=\"article-item-format\"><span id=\"phContent_ArticleItem_65271_lblFormat\">Postkarten 105x150mm<\/span><\/div>\n<div><\/div>\n<div>\n<h6>Wasserzeichen<br \/>\nAlle Postkarten sind im Original <strong>OHNE<\/strong> den Schriftzug,<br \/>\nwww.loja-rundum.de, er dient lediglich als Kopierschutz!<\/h6>\n<\/div>\n<div class=\"article-item-format\"><\/div>\n<div class=\"article-item-format\"><\/div>\n<div class=\"article-item-format\"><\/div>\n","protected":false},"featured_media":18733,"template":"","meta":[],"product_brand":[],"product_cat":[33,1758,34],"product_tag":[658,1095,1680,801],"class_list":{"0":"post-18749","1":"product","2":"type-product","3":"status-publish","4":"has-post-thumbnail","6":"product_cat-postkarten","7":"product_cat-frida-kahlo","8":"product_cat-illustrationen","9":"product_tag-frauen","10":"product_tag-frida-kahlo","11":"product_tag-fripperies","12":"product_tag-london","13":"product_shipping_class-dhl","15":"first","16":"instock","17":"taxable","18":"shipping-taxable","19":"purchasable","20":"product-type-simple"},"_links":{"self":[{"href":"https:\/\/www.loja-rundum.de\/de\/wp-json\/wp\/v2\/product\/18749","targetHints":{"allow":["GET"]}}],"collection":[{"href":"https:\/\/www.loja-rundum.de\/de\/wp-json\/wp\/v2\/product"}],"about":[{"href":"https:\/\/www.loja-rundum.de\/de\/wp-json\/wp\/v2\/types\/product"}],"wp:featuredmedia":[{"embeddable":true,"href":"https:\/\/www.loja-rundum.de\/de\/wp-json\/wp\/v2\/media\/18733"}],"wp:attachment":[{"href":"https:\/\/www.loja-rundum.de\/de\/wp-json\/wp\/v2\/media?parent=18749"}],"wp:term":[{"taxonomy":"product_brand","embeddable":true,"href":"https:\/\/www.loja-rundum.de\/de\/wp-json\/wp\/v2\/product_brand?post=18749"},{"taxonomy":"product_cat","embeddable":true,"href":"https:\/\/www.loja-rundum.de\/de\/wp-json\/wp\/v2\/product_cat?post=18749"},{"taxonomy":"product_tag","embeddable":true,"href":"https:\/\/www.loja-rundum.de\/de\/wp-json\/wp\/v2\/product_tag?post=18749"}],"curies":[{"name":"wp","href":"https:\/\/api.w.org\/{rel}","templated":true}]}}