{"id":19353,"date":"2025-05-24T10:13:29","date_gmt":"2025-05-24T08:13:29","guid":{"rendered":"https:\/\/www.loja-rundum.de\/de\/?post_type=product&#038;p=19353"},"modified":"2025-08-02T15:09:28","modified_gmt":"2025-08-02T13:09:28","slug":"taube-magnet-mit-flaschenoeffner-edition-tausendschoen","status":"publish","type":"product","link":"https:\/\/www.loja-rundum.de\/de\/produkt\/taube-magnet-mit-flaschenoeffner-edition-tausendschoen\/","title":{"rendered":"PARIS IN BLUMEN &#8211; MAGNET MIT FLASCHEN\u00d6FFNER  &#8211; Cartedart"},"content":{"rendered":"<h1 class=\"heading\">PARIS IN BLUMEN &#8211; MAGNET MIT FLASCHEN\u00d6FFNER<\/h1>\n","protected":false},"excerpt":{"rendered":"<p>MAGNET MIT FLASCHEN\u00d6FFNER<\/p>\n<p>Abmessungen: 6 cm Durchmesser Material: Metall Oberfl\u00e4che: vergoldet oder schillernd &#8211; Magnet und Flaschen\u00f6ffner Die runden Magnete werden Ihren K\u00fchlschrank beleben. Doppelter Nutzen: Magnet und Flaschen\u00f6ffner! Design und ultradekorativ, sie werden Ihre K\u00fcche in ein Mosaik der Kreativit\u00e4t verwandeln<\/p>\n<p>Rund 6cm<\/p>\n<div><\/div>\n<div>\n<h6>Wasserzeichen<br \/>\nAlle Postkarten sind im Original <strong>OHNE<\/strong> den Schriftzug,<br \/>\nwww.loja-rundum.de, er dient lediglich als Kopierschutz!<\/h6>\n<\/div>\n<div class=\"article-item-format\"><\/div>\n<div class=\"article-item-format\"><\/div>\n<div class=\"article-item-format\"><\/div>\n","protected":false},"featured_media":19354,"template":"","meta":[],"product_brand":[],"product_cat":[1250,929],"product_tag":[1249,2314,931,930],"class_list":{"0":"post-19353","1":"product","2":"type-product","3":"status-publish","4":"has-post-thumbnail","6":"product_cat-cartesdart-paris","7":"product_cat-magnet","8":"product_tag-cartesdart","9":"product_tag-flaschenoeffner","10":"product_tag-kuehlschrankmagnet","11":"product_tag-magnet","12":"product_shipping_class-dhl","14":"first","15":"instock","16":"taxable","17":"shipping-taxable","18":"purchasable","19":"product-type-simple"},"_links":{"self":[{"href":"https:\/\/www.loja-rundum.de\/de\/wp-json\/wp\/v2\/product\/19353","targetHints":{"allow":["GET"]}}],"collection":[{"href":"https:\/\/www.loja-rundum.de\/de\/wp-json\/wp\/v2\/product"}],"about":[{"href":"https:\/\/www.loja-rundum.de\/de\/wp-json\/wp\/v2\/types\/product"}],"wp:featuredmedia":[{"embeddable":true,"href":"https:\/\/www.loja-rundum.de\/de\/wp-json\/wp\/v2\/media\/19354"}],"wp:attachment":[{"href":"https:\/\/www.loja-rundum.de\/de\/wp-json\/wp\/v2\/media?parent=19353"}],"wp:term":[{"taxonomy":"product_brand","embeddable":true,"href":"https:\/\/www.loja-rundum.de\/de\/wp-json\/wp\/v2\/product_brand?post=19353"},{"taxonomy":"product_cat","embeddable":true,"href":"https:\/\/www.loja-rundum.de\/de\/wp-json\/wp\/v2\/product_cat?post=19353"},{"taxonomy":"product_tag","embeddable":true,"href":"https:\/\/www.loja-rundum.de\/de\/wp-json\/wp\/v2\/product_tag?post=19353"}],"curies":[{"name":"wp","href":"https:\/\/api.w.org\/{rel}","templated":true}]}}