{"id":19359,"date":"2025-05-24T10:32:23","date_gmt":"2025-05-24T08:32:23","guid":{"rendered":"https:\/\/www.loja-rundum.de\/de\/?post_type=product&#038;p=19359"},"modified":"2026-04-07T13:03:40","modified_gmt":"2026-04-07T11:03:40","slug":"schwarze-katzen-aus-paris-magnet-mit-flaschenoeffner-edition-tausendschoen","status":"publish","type":"product","link":"https:\/\/www.loja-rundum.de\/de\/produkt\/schwarze-katzen-aus-paris-magnet-mit-flaschenoeffner-edition-tausendschoen\/","title":{"rendered":"DER MONET GARTEN- LESEZEICHEN  &#8211; Cartedart"},"content":{"rendered":"<h1 class=\"heading\">DER MONET GARTEN- LESEZEICHEN<\/h1>\n","protected":false},"excerpt":{"rendered":"<p>Lesezeichen<\/p>\n<p>Material: Papier Ausf\u00fchrung: vergoldet oder schillernd &#8211; ausgeschnitten<\/p>\n<p>Dieses h\u00fcbsche, ausgeschnittene Lesezeichen mit sch\u00f6nen Illustrationen wird dich bei deinen zahlreichen B\u00fcchern begleiten.<\/p>\n<div>Abmessungen: 8 x 22 cm<\/div>\n<div><\/div>\n<div>\n<h6>Wasserzeichen<br \/>\nAlle Postkarten sind im Original <strong>OHNE<\/strong> den Schriftzug,<br \/>\nwww.loja-rundum.de, er dient lediglich als Kopierschutz!<\/h6>\n<\/div>\n<div class=\"article-item-format\"><\/div>\n<div class=\"article-item-format\"><\/div>\n<div class=\"article-item-format\"><\/div>\n","protected":false},"featured_media":19362,"template":"","meta":[],"product_brand":[],"product_cat":[1250,2315],"product_tag":[1249,2316],"class_list":{"0":"post-19359","1":"product","2":"type-product","3":"status-publish","4":"has-post-thumbnail","6":"product_cat-cartesdart-paris","7":"product_cat-lesezeichen","8":"product_tag-cartesdart","9":"product_tag-lesezeichen","10":"product_shipping_class-dhl","12":"first","13":"outofstock","14":"taxable","15":"shipping-taxable","16":"purchasable","17":"product-type-simple"},"_links":{"self":[{"href":"https:\/\/www.loja-rundum.de\/de\/wp-json\/wp\/v2\/product\/19359","targetHints":{"allow":["GET"]}}],"collection":[{"href":"https:\/\/www.loja-rundum.de\/de\/wp-json\/wp\/v2\/product"}],"about":[{"href":"https:\/\/www.loja-rundum.de\/de\/wp-json\/wp\/v2\/types\/product"}],"wp:featuredmedia":[{"embeddable":true,"href":"https:\/\/www.loja-rundum.de\/de\/wp-json\/wp\/v2\/media\/19362"}],"wp:attachment":[{"href":"https:\/\/www.loja-rundum.de\/de\/wp-json\/wp\/v2\/media?parent=19359"}],"wp:term":[{"taxonomy":"product_brand","embeddable":true,"href":"https:\/\/www.loja-rundum.de\/de\/wp-json\/wp\/v2\/product_brand?post=19359"},{"taxonomy":"product_cat","embeddable":true,"href":"https:\/\/www.loja-rundum.de\/de\/wp-json\/wp\/v2\/product_cat?post=19359"},{"taxonomy":"product_tag","embeddable":true,"href":"https:\/\/www.loja-rundum.de\/de\/wp-json\/wp\/v2\/product_tag?post=19359"}],"curies":[{"name":"wp","href":"https:\/\/api.w.org\/{rel}","templated":true}]}}