{"id":20543,"date":"2026-05-05T00:01:07","date_gmt":"2026-05-04T22:01:07","guid":{"rendered":"https:\/\/www.loja-rundum.de\/de\/?post_type=product&#038;p=20543"},"modified":"2026-05-04T13:11:20","modified_gmt":"2026-05-04T11:11:20","slug":"happy-postcrossing-germany-ila-illustrations","status":"publish","type":"product","link":"https:\/\/www.loja-rundum.de\/de\/produkt\/happy-postcrossing-germany-ila-illustrations\/","title":{"rendered":"Vorbestellung!!! Gingerbread house &#8211; Ila Illustrations"},"content":{"rendered":"<div class=\"product-info--entry product--row-1 product--title\">\n<div class=\"product--title\">\n<div class=\"product--title\">\n<div class=\"product--title\">Gingerbread house<\/div>\n<div class=\"product--description\"><\/div>\n<\/div>\n<div class=\"product--description\">\n<div class=\"product-info--entry product--credit\">\n<div class=\"credit--entry\"><\/div>\n<\/div>\n<\/div>\n<\/div>\n<div class=\"product--description\">\n<div class=\"product-info--entry product--credit\">\n<div class=\"credit--entry\">\n<div class=\"product--title\">\n<div class=\"product--description\">\n<h3>\u2728 Vorbestellungen sind jetzt m\u00f6glich! \u2728<br \/>\nDie neuen Postkarten von Ila Illustrations warten auf euch \ud83d\udcab<\/h3>\n<p>Mit gro\u00dfer Freude darf ich ank\u00fcndigen, dass die zauberhaften Ila-Illustrations-Postkarten ab sofort bei Loja Rundum vorbestellt werden k\u00f6nnen! Bis zum 17. Mai 2026 habt ihr die M\u00f6glichkeit, euch eure Lieblingsmotive zu sichern.<\/p>\n<p>\ud83d\udc8c <strong>Besonders sch\u00f6n:<\/strong> Ihr k\u00f6nnt nicht nur die neuesten Motive vorbestellen, sondern auch Karten, die aktuell im Shop vergriffen sind \u2013 also Designs, die es schon einmal gab und jetzt noch einmal verf\u00fcgbar werden!<\/p>\n<p>Jede Karte ist ein kleines Kunstwerk \ud83c\udf1f und nimmt dich mit in eine zauberhaft illustrierte Fantasiewelt.<br \/>\nOb zum Verschicken, zum Platzieren an deiner Kreativ- oder Inspirationswand \ud83c\udfa8 oder als liebevolles Geschenk f\u00fcr Tagtr\u00e4umer \u2013 sie ist immer eine sch\u00f6ne Wahl.<\/p>\n<p>\ud83c\udf19 Vorbestellungsfrist: bis 17. Mai 2026<br \/>\n\ud83d\udcee Versandstart: voraussichtlich Mitte Juni 2026<br \/>\n\ud83c\udfa8 Limitierte Auflage: Was vergriffen ist, kommt so schnell nicht zur\u00fcck!<\/p>\n<h1><strong>Wichtiger Hinweis:<\/strong><br \/>\nWenn deine Bestellung Ila-Illustrations-Vorbestellungskarten enth\u00e4lt, wird sie erst dann versendet, wenn alle Artikel \u2013 inklusive der vorbestellten Karten \u2013 bei mir eingetroffen sind.<br \/>\n\ud83d\udc49 Es erfolgt <strong>keine Teillieferung<\/strong>. Deine Bestellung geht also komplett in einem Paket auf den Weg zu dir.<\/h1>\n<p>Die verbleibenden Motive gehen im Dezember in den Shop \u2013 allerdings ohne Garantie, dass sie lange verf\u00fcgbar bleiben. Es kann sein, dass dann nur noch einzelne Restkarten oder vereinzelte Motive erh\u00e4ltlich sind.<\/p>\n<p>Sichert euch deshalb fr\u00fchzeitig eure Favoriten und freut euch auf diese besonderen kleinen Kunstwerke:<\/p>\n<\/div>\n<\/div>\n<div class=\"product--description\">\n<div class=\"product-info--entry product--credit\">\n<div class=\"credit--entry\"><\/div>\n<\/div>\n<\/div>\n<\/div>\n<\/div>\n<\/div>\n<\/div>\n<div class=\"product-info--entry product--format\"><\/div>\n","protected":false},"excerpt":{"rendered":"<div class=\"product-info--entry product--row-1 product--title\">\n<div class=\"content--paper-type content\">\n<div class=\"content--paper-type content\">\n<div class=\"content--credit content\">\n<div class=\"credit--entry\">\n<p class=\"content--paper-type content\">Ila Illustations<\/p>\n<\/div>\n<\/div>\n<\/div>\n<\/div>\n<\/div>\n<div class=\"product-info--entry product--artist\">\n<div class=\"product-info--entry product--finishing\">\n<div class=\"product-info--entry product--finishing\">\n<div class=\"product-info--entry product--paper-type\">\n<div class=\"product-info--entry product--paper-type\">\n<div class=\"product-info--entry product--format\">Postkarte<\/div>\n<\/div>\n<\/div>\n<\/div>\n<\/div>\n<\/div>\n<p>Ma\u00dfe (H x B) in cm: 10,5 x 15<\/p>\n<p>&nbsp;<\/p>\n<h6>Wasserzeichen<br \/>\nAlle Postkarten sind im Original <strong>OHNE<\/strong> den Schriftzug,<br \/>\nwww.loja-rundum.de, er dient lediglich als Kopierschutz!<\/h6>\n<div class=\"article-item-format\"><\/div>\n<div class=\"article-item-format\"><\/div>\n<div class=\"article-item-format\"><\/div>\n","protected":false},"featured_media":20544,"template":"","meta":[],"product_brand":[],"product_cat":[2312,34,278,33],"product_tag":[2313],"class_list":{"0":"post-20543","1":"product","2":"type-product","3":"status-publish","4":"has-post-thumbnail","6":"product_cat-ila-illustrations","7":"product_cat-illustrationen","8":"product_cat--neu-im-shop","9":"product_cat-postkarten","10":"product_tag-ila-illustrations","11":"product_shipping_class-dhl","13":"first","14":"instock","15":"taxable","16":"shipping-taxable","17":"purchasable","18":"product-type-simple"},"_links":{"self":[{"href":"https:\/\/www.loja-rundum.de\/de\/wp-json\/wp\/v2\/product\/20543","targetHints":{"allow":["GET"]}}],"collection":[{"href":"https:\/\/www.loja-rundum.de\/de\/wp-json\/wp\/v2\/product"}],"about":[{"href":"https:\/\/www.loja-rundum.de\/de\/wp-json\/wp\/v2\/types\/product"}],"wp:featuredmedia":[{"embeddable":true,"href":"https:\/\/www.loja-rundum.de\/de\/wp-json\/wp\/v2\/media\/20544"}],"wp:attachment":[{"href":"https:\/\/www.loja-rundum.de\/de\/wp-json\/wp\/v2\/media?parent=20543"}],"wp:term":[{"taxonomy":"product_brand","embeddable":true,"href":"https:\/\/www.loja-rundum.de\/de\/wp-json\/wp\/v2\/product_brand?post=20543"},{"taxonomy":"product_cat","embeddable":true,"href":"https:\/\/www.loja-rundum.de\/de\/wp-json\/wp\/v2\/product_cat?post=20543"},{"taxonomy":"product_tag","embeddable":true,"href":"https:\/\/www.loja-rundum.de\/de\/wp-json\/wp\/v2\/product_tag?post=20543"}],"curies":[{"name":"wp","href":"https:\/\/api.w.org\/{rel}","templated":true}]}}