{"id":20950,"date":"2025-10-20T14:26:29","date_gmt":"2025-10-20T12:26:29","guid":{"rendered":"https:\/\/www.loja-rundum.de\/de\/?post_type=product&#038;p=20950"},"modified":"2026-05-04T18:20:53","modified_gmt":"2026-05-04T16:20:53","slug":"frida-kahlo-umarmung-der-hirsche","status":"publish","type":"product","link":"https:\/\/www.loja-rundum.de\/de\/produkt\/frida-kahlo-umarmung-der-hirsche\/","title":{"rendered":"Frida Kahlo:  Weihnachtshund"},"content":{"rendered":"<p>Frida Kahlo: Weihnachtshund<\/p>\n","protected":false},"excerpt":{"rendered":"<div class=\"credit--entry\">\n<div class=\"credit--entry\">\n<div class=\"credit--entry\">\n<div class=\"credit--entry\">\n<div class=\"product-info--entry product--credit\">\n<div class=\"credit--entry\">Sch\u00f6ne Karte im A6-Format von Fripperies. Gedruckt auf luxuri\u00f6sem Karton mit strukturiertem Druck, Tintoretto Gresso 300g-Papier. Die R\u00fcckseite der Karte ist leer, was bedeutet, dass Sie viel Platz zum Schreiben haben.<\/div>\n<div><\/div>\n<\/div>\n<\/div>\n<\/div>\n<\/div>\n<\/div>\n<div class=\"article-item-format\"><span id=\"phContent_ArticleItem_65271_lblFormat\">Postkarten 105x150mm<\/span><\/div>\n<div><\/div>\n<div>\n<h6>Wasserzeichen<br \/>\nAlle Postkarten sind im Original <strong>OHNE<\/strong> den Schriftzug,<br \/>\nwww.loja-rundum.de, er dient lediglich als Kopierschutz!<\/h6>\n<\/div>\n<div class=\"article-item-format\"><\/div>\n<div class=\"article-item-format\"><\/div>\n<div class=\"article-item-format\"><\/div>\n","protected":false},"featured_media":20951,"template":"","meta":[],"product_brand":[],"product_cat":[1758,34,464,278,33],"product_tag":[658,1095,1680,2393],"class_list":{"0":"post-20950","1":"product","2":"type-product","3":"status-publish","4":"has-post-thumbnail","6":"product_cat-frida-kahlo","7":"product_cat-illustrationen","8":"product_cat-weihnachten","9":"product_cat--neu-im-shop","10":"product_cat-postkarten","11":"product_tag-frauen","12":"product_tag-frida-kahlo","13":"product_tag-fripperies","14":"product_tag-weihnachtshund","15":"product_shipping_class-dhl","17":"first","18":"instock","19":"taxable","20":"shipping-taxable","21":"purchasable","22":"product-type-simple"},"_links":{"self":[{"href":"https:\/\/www.loja-rundum.de\/de\/wp-json\/wp\/v2\/product\/20950","targetHints":{"allow":["GET"]}}],"collection":[{"href":"https:\/\/www.loja-rundum.de\/de\/wp-json\/wp\/v2\/product"}],"about":[{"href":"https:\/\/www.loja-rundum.de\/de\/wp-json\/wp\/v2\/types\/product"}],"wp:featuredmedia":[{"embeddable":true,"href":"https:\/\/www.loja-rundum.de\/de\/wp-json\/wp\/v2\/media\/20951"}],"wp:attachment":[{"href":"https:\/\/www.loja-rundum.de\/de\/wp-json\/wp\/v2\/media?parent=20950"}],"wp:term":[{"taxonomy":"product_brand","embeddable":true,"href":"https:\/\/www.loja-rundum.de\/de\/wp-json\/wp\/v2\/product_brand?post=20950"},{"taxonomy":"product_cat","embeddable":true,"href":"https:\/\/www.loja-rundum.de\/de\/wp-json\/wp\/v2\/product_cat?post=20950"},{"taxonomy":"product_tag","embeddable":true,"href":"https:\/\/www.loja-rundum.de\/de\/wp-json\/wp\/v2\/product_tag?post=20950"}],"curies":[{"name":"wp","href":"https:\/\/api.w.org\/{rel}","templated":true}]}}