{"id":21108,"date":"2025-11-11T13:54:36","date_gmt":"2025-11-11T12:54:36","guid":{"rendered":"https:\/\/www.loja-rundum.de\/de\/?post_type=product&#038;p=21108"},"modified":"2026-04-25T23:22:37","modified_gmt":"2026-04-25T21:22:37","slug":"die-niederlande-texel-edition-tausendschoen-pk1297","status":"publish","type":"product","link":"https:\/\/www.loja-rundum.de\/de\/produkt\/die-niederlande-texel-edition-tausendschoen-pk1297\/","title":{"rendered":"St\u00e4dte-Postkarte, Heidelberg, Alte Br\u00fccke  &#8211; Edition Tausendsch\u00f6n PK1298"},"content":{"rendered":"<h1 class=\"product_title entry-title\">St\u00e4dte-Postkarte, Heidelberg, Alte Br\u00fccke<\/h1>\n<h1 class=\"heading\"><\/h1>\n<h1 class=\"heading\"><\/h1>\n","protected":false},"excerpt":{"rendered":"<p>Postkarte<\/p>\n<p>auf festem Bilderdruckpapier mit Glimmer und gezacktem Rand<\/p>\n<p>&nbsp;<\/p>\n<p>Ma\u00dfe (H x B) in cm: 15 x 10,5<\/p>\n<p>&nbsp;<\/p>\n<h6>Wasserzeichen<br \/>\nAlle Postkarten sind im Original <strong>OHNE<\/strong> den Schriftzug,<br \/>\nwww.loja-rundum.de, er dient lediglich als Kopierschutz!<\/h6>\n<div class=\"article-item-format\"><\/div>\n<div class=\"article-item-format\"><\/div>\n<div class=\"article-item-format\"><\/div>\n","protected":false},"featured_media":21109,"template":"","meta":[],"product_brand":[],"product_cat":[147,278,33],"product_tag":[1350,171,141,145,143],"class_list":{"0":"post-21108","1":"product","2":"type-product","3":"status-publish","4":"has-post-thumbnail","6":"product_cat-edition-tausendschoen","7":"product_cat--neu-im-shop","8":"product_cat-postkarten","9":"product_tag-edition-tausendschoen-staedte-postkarten","10":"product_tag-actetre","11":"product_tag-postcrossing","12":"product_tag-retro","13":"product_tag-sweet-memories","14":"product_shipping_class-dhl","16":"first","17":"instock","18":"taxable","19":"shipping-taxable","20":"purchasable","21":"product-type-simple"},"_links":{"self":[{"href":"https:\/\/www.loja-rundum.de\/de\/wp-json\/wp\/v2\/product\/21108","targetHints":{"allow":["GET"]}}],"collection":[{"href":"https:\/\/www.loja-rundum.de\/de\/wp-json\/wp\/v2\/product"}],"about":[{"href":"https:\/\/www.loja-rundum.de\/de\/wp-json\/wp\/v2\/types\/product"}],"wp:featuredmedia":[{"embeddable":true,"href":"https:\/\/www.loja-rundum.de\/de\/wp-json\/wp\/v2\/media\/21109"}],"wp:attachment":[{"href":"https:\/\/www.loja-rundum.de\/de\/wp-json\/wp\/v2\/media?parent=21108"}],"wp:term":[{"taxonomy":"product_brand","embeddable":true,"href":"https:\/\/www.loja-rundum.de\/de\/wp-json\/wp\/v2\/product_brand?post=21108"},{"taxonomy":"product_cat","embeddable":true,"href":"https:\/\/www.loja-rundum.de\/de\/wp-json\/wp\/v2\/product_cat?post=21108"},{"taxonomy":"product_tag","embeddable":true,"href":"https:\/\/www.loja-rundum.de\/de\/wp-json\/wp\/v2\/product_tag?post=21108"}],"curies":[{"name":"wp","href":"https:\/\/api.w.org\/{rel}","templated":true}]}}