{"id":22299,"date":"2026-01-20T09:29:02","date_gmt":"2026-01-20T08:29:02","guid":{"rendered":"https:\/\/www.loja-rundum.de\/de\/?post_type=product&#038;p=22299"},"modified":"2026-04-15T12:15:39","modified_gmt":"2026-04-15T10:15:39","slug":"rosenparadies-edition-tausendschoen-pk1331","status":"publish","type":"product","link":"https:\/\/www.loja-rundum.de\/de\/produkt\/rosenparadies-edition-tausendschoen-pk1331\/","title":{"rendered":"Wei\u00dfer Fr\u00fchling &#8211; Edition Tausendsch\u00f6n PK1332"},"content":{"rendered":"<h1 class=\"product_title entry-title\">Wei\u00dfer Fr\u00fchling<\/h1>\n","protected":false},"excerpt":{"rendered":"<p>Postkarte auf festem Bilderdruckpapier mit<\/p>\n<p>Glimmer und gezacktem Rand<\/p>\n<p>&nbsp;<\/p>\n<p>Ma\u00dfe (H x B) in cm: 15 x 10,5<\/p>\n<p>&nbsp;<\/p>\n<h6>Wasserzeichen<br \/>\nAlle Postkarten sind im Original <strong>OHNE<\/strong> den Schriftzug,<br \/>\nwww.loja-rundum.de, er dient lediglich als Kopierschutz!<\/h6>\n<div class=\"article-item-format\"><\/div>\n<div class=\"article-item-format\"><\/div>\n<div class=\"article-item-format\"><\/div>\n","protected":false},"featured_media":22300,"template":"","meta":[],"product_brand":[],"product_cat":[278,33,147],"product_tag":[1349,171,141,145,143],"class_list":{"0":"post-22299","1":"product","2":"type-product","3":"status-publish","4":"has-post-thumbnail","6":"product_cat--neu-im-shop","7":"product_cat-postkarten","8":"product_cat-edition-tausendschoen","9":"product_tag-edition-tausendschoen-sweet-memories","10":"product_tag-actetre","11":"product_tag-postcrossing","12":"product_tag-retro","13":"product_tag-sweet-memories","14":"product_shipping_class-dhl","16":"first","17":"instock","18":"taxable","19":"shipping-taxable","20":"purchasable","21":"product-type-simple"},"_links":{"self":[{"href":"https:\/\/www.loja-rundum.de\/de\/wp-json\/wp\/v2\/product\/22299","targetHints":{"allow":["GET"]}}],"collection":[{"href":"https:\/\/www.loja-rundum.de\/de\/wp-json\/wp\/v2\/product"}],"about":[{"href":"https:\/\/www.loja-rundum.de\/de\/wp-json\/wp\/v2\/types\/product"}],"wp:featuredmedia":[{"embeddable":true,"href":"https:\/\/www.loja-rundum.de\/de\/wp-json\/wp\/v2\/media\/22300"}],"wp:attachment":[{"href":"https:\/\/www.loja-rundum.de\/de\/wp-json\/wp\/v2\/media?parent=22299"}],"wp:term":[{"taxonomy":"product_brand","embeddable":true,"href":"https:\/\/www.loja-rundum.de\/de\/wp-json\/wp\/v2\/product_brand?post=22299"},{"taxonomy":"product_cat","embeddable":true,"href":"https:\/\/www.loja-rundum.de\/de\/wp-json\/wp\/v2\/product_cat?post=22299"},{"taxonomy":"product_tag","embeddable":true,"href":"https:\/\/www.loja-rundum.de\/de\/wp-json\/wp\/v2\/product_tag?post=22299"}],"curies":[{"name":"wp","href":"https:\/\/api.w.org\/{rel}","templated":true}]}}