{"id":22694,"date":"2026-02-26T20:08:35","date_gmt":"2026-02-26T19:08:35","guid":{"rendered":"https:\/\/www.loja-rundum.de\/de\/?post_type=product&#038;p=22694"},"modified":"2026-04-21T14:57:29","modified_gmt":"2026-04-21T12:57:29","slug":"frida-kahlo-stille-romanze-2","status":"publish","type":"product","link":"https:\/\/www.loja-rundum.de\/de\/produkt\/frida-kahlo-stille-romanze-2\/","title":{"rendered":"Frida Kahlo:  Am Strand"},"content":{"rendered":"<p>Frida Kahlo: Am Strand<\/p>\n<p>&nbsp;<\/p>\n","protected":false},"excerpt":{"rendered":"<div class=\"credit--entry\">\n<div class=\"credit--entry\">\n<div class=\"credit--entry\">\n<div class=\"credit--entry\">\n<div class=\"product-info--entry product--credit\">\n<div class=\"credit--entry\">Sch\u00f6ne Karte im A6-Format von Fripperies. Gedruckt auf luxuri\u00f6sem Karton mit strukturiertem Druck, Tintoretto Gresso 300g-Papier. Die R\u00fcckseite der Karte ist leer, was bedeutet, dass Sie viel Platz zum Schreiben haben.<\/div>\n<div><\/div>\n<\/div>\n<\/div>\n<\/div>\n<\/div>\n<\/div>\n<div class=\"article-item-format\"><span id=\"phContent_ArticleItem_65271_lblFormat\">Postkarten 105x150mm<\/span><\/div>\n<div><\/div>\n<div>\n<h6>Wasserzeichen<br \/>\nAlle Postkarten sind im Original <strong>OHNE<\/strong> den Schriftzug,<br \/>\nwww.loja-rundum.de, er dient lediglich als Kopierschutz!<\/h6>\n<\/div>\n<div class=\"article-item-format\"><\/div>\n<div class=\"article-item-format\"><\/div>\n<div class=\"article-item-format\"><\/div>\n","protected":false},"featured_media":22695,"template":"","meta":[],"product_brand":[],"product_cat":[278,33,1758,34],"product_tag":[658,1095,1680,2467],"class_list":{"0":"post-22694","1":"product","2":"type-product","3":"status-publish","4":"has-post-thumbnail","6":"product_cat--neu-im-shop","7":"product_cat-postkarten","8":"product_cat-frida-kahlo","9":"product_cat-illustrationen","10":"product_tag-frauen","11":"product_tag-frida-kahlo","12":"product_tag-fripperies","13":"product_tag-stille-romanze","14":"product_shipping_class-dhl","16":"first","17":"instock","18":"taxable","19":"shipping-taxable","20":"purchasable","21":"product-type-simple"},"_links":{"self":[{"href":"https:\/\/www.loja-rundum.de\/de\/wp-json\/wp\/v2\/product\/22694","targetHints":{"allow":["GET"]}}],"collection":[{"href":"https:\/\/www.loja-rundum.de\/de\/wp-json\/wp\/v2\/product"}],"about":[{"href":"https:\/\/www.loja-rundum.de\/de\/wp-json\/wp\/v2\/types\/product"}],"wp:featuredmedia":[{"embeddable":true,"href":"https:\/\/www.loja-rundum.de\/de\/wp-json\/wp\/v2\/media\/22695"}],"wp:attachment":[{"href":"https:\/\/www.loja-rundum.de\/de\/wp-json\/wp\/v2\/media?parent=22694"}],"wp:term":[{"taxonomy":"product_brand","embeddable":true,"href":"https:\/\/www.loja-rundum.de\/de\/wp-json\/wp\/v2\/product_brand?post=22694"},{"taxonomy":"product_cat","embeddable":true,"href":"https:\/\/www.loja-rundum.de\/de\/wp-json\/wp\/v2\/product_cat?post=22694"},{"taxonomy":"product_tag","embeddable":true,"href":"https:\/\/www.loja-rundum.de\/de\/wp-json\/wp\/v2\/product_tag?post=22694"}],"curies":[{"name":"wp","href":"https:\/\/api.w.org\/{rel}","templated":true}]}}