{"id":23355,"date":"2026-05-05T00:05:34","date_gmt":"2026-05-04T22:05:34","guid":{"rendered":"https:\/\/www.loja-rundum.de\/de\/?post_type=product&#038;p=23355"},"modified":"2026-05-06T12:53:54","modified_gmt":"2026-05-06T10:53:54","slug":"vorbestellung-gelb-ila-illustrations-10","status":"publish","type":"product","link":"https:\/\/www.loja-rundum.de\/de\/produkt\/vorbestellung-gelb-ila-illustrations-10\/","title":{"rendered":"Vorbestellung!!! Ilas Tr\u00e4ume &#8211; Ila Illustrations"},"content":{"rendered":"<div class=\"product-info--entry product--row-1 product--title\">\n<div class=\"product--title\">\n<div class=\"product--title\">\n<div class=\"product--title\">Ilas Tr\u00e4ume<\/div>\n<div class=\"product--description\"><\/div>\n<\/div>\n<div class=\"product--description\">\n<div class=\"product-info--entry product--credit\">\n<div class=\"credit--entry\"><\/div>\n<\/div>\n<\/div>\n<\/div>\n<div class=\"product--description\">\n<div class=\"product-info--entry product--credit\">\n<div class=\"credit--entry\">\n<div class=\"product-info--entry product--row-1 product--title\">\n<div class=\"product--description\">\n<div class=\"product-info--entry product--credit\">\n<div class=\"credit--entry\">\n<h3>\u2728 Vorbestellungen sind jetzt m\u00f6glich! \u2728<\/h3>\n<p>\ud83c\udf19 Vorbestellungsfrist: 17. Mai 2026<br \/>\n\ud83d\udcee Versandbeginn: voraussichtlich Mitte Juni 2026<br \/>\n\ud83c\udfa8 Limitierte Auflage: Sobald sie ausverkauft sind, werden sie so schnell nicht wieder erh\u00e4ltlich sein!<\/p>\n<h1>Wichtiger Hinweis:<br \/>\nWenn deine Bestellung Vorbestellungskarten von Ila Illustrations enth\u00e4lt, wird sie erst versandt, wenn ich alle Artikel \u2013 einschlie\u00dflich der vorbestellten Karten \u2013 erhalten habe.<br \/>\n\ud83d\udc49 Es gibt keine Teillieferungen. Ihre Bestellung wird Ihnen in einem kompletten Paket zugeschickt.<\/h1>\n<p>Die restlichen Designs werden im Juni in den Shop aufgenommen \u2013 allerdings gibt es keine Garantie, dass sie lange verf\u00fcgbar bleiben. Es ist m\u00f6glich, dass bis dahin nur noch wenige Karten oder ausgew\u00e4hlte Designs verf\u00fcgbar sind.<\/p>\n<p>Sichern Sie sich also fr\u00fchzeitig Ihre Favoriten und freuen Sie sich auf diese besonderen kleinen Kunstwerke:<\/p>\n<\/div>\n<\/div>\n<\/div>\n<\/div>\n<div class=\"product-info--entry product--format\"><\/div>\n<\/div>\n<\/div>\n<\/div>\n<\/div>\n<div class=\"product-info--entry product--format\"><\/div>\n","protected":false},"excerpt":{"rendered":"<div class=\"product-info--entry product--row-1 product--title\">\n<div class=\"content--paper-type content\">\n<div class=\"content--paper-type content\">\n<div class=\"content--credit content\">\n<div class=\"credit--entry\">\n<p class=\"content--paper-type content\">Ila Illustations<\/p>\n<\/div>\n<\/div>\n<\/div>\n<\/div>\n<\/div>\n<div class=\"product-info--entry product--artist\">\n<div class=\"product-info--entry product--finishing\">\n<div class=\"product-info--entry product--finishing\">\n<div class=\"product-info--entry product--paper-type\">\n<div class=\"product-info--entry product--paper-type\">\n<div class=\"product-info--entry product--format\">Postkarte<\/div>\n<\/div>\n<\/div>\n<\/div>\n<\/div>\n<\/div>\n<p>Ma\u00dfe (H x B) in cm: 10,5 x 15<\/p>\n<p>&nbsp;<\/p>\n<h6>Wasserzeichen<br \/>\nAlle Postkarten sind im Original <strong>OHNE<\/strong> den Schriftzug,<br \/>\nwww.loja-rundum.de, er dient lediglich als Kopierschutz!<\/h6>\n<div class=\"article-item-format\"><\/div>\n<div class=\"article-item-format\"><\/div>\n<div class=\"article-item-format\"><\/div>\n","protected":false},"featured_media":23356,"template":"","meta":[],"product_brand":[],"product_cat":[2312,34,278,33],"product_tag":[2313],"class_list":{"0":"post-23355","1":"product","2":"type-product","3":"status-publish","4":"has-post-thumbnail","6":"product_cat-ila-illustrations","7":"product_cat-illustrationen","8":"product_cat--neu-im-shop","9":"product_cat-postkarten","10":"product_tag-ila-illustrations","11":"product_shipping_class-dhl","13":"first","14":"instock","15":"taxable","16":"shipping-taxable","17":"purchasable","18":"product-type-simple"},"_links":{"self":[{"href":"https:\/\/www.loja-rundum.de\/de\/wp-json\/wp\/v2\/product\/23355","targetHints":{"allow":["GET"]}}],"collection":[{"href":"https:\/\/www.loja-rundum.de\/de\/wp-json\/wp\/v2\/product"}],"about":[{"href":"https:\/\/www.loja-rundum.de\/de\/wp-json\/wp\/v2\/types\/product"}],"wp:featuredmedia":[{"embeddable":true,"href":"https:\/\/www.loja-rundum.de\/de\/wp-json\/wp\/v2\/media\/23356"}],"wp:attachment":[{"href":"https:\/\/www.loja-rundum.de\/de\/wp-json\/wp\/v2\/media?parent=23355"}],"wp:term":[{"taxonomy":"product_brand","embeddable":true,"href":"https:\/\/www.loja-rundum.de\/de\/wp-json\/wp\/v2\/product_brand?post=23355"},{"taxonomy":"product_cat","embeddable":true,"href":"https:\/\/www.loja-rundum.de\/de\/wp-json\/wp\/v2\/product_cat?post=23355"},{"taxonomy":"product_tag","embeddable":true,"href":"https:\/\/www.loja-rundum.de\/de\/wp-json\/wp\/v2\/product_tag?post=23355"}],"curies":[{"name":"wp","href":"https:\/\/api.w.org\/{rel}","templated":true}]}}