{"id":2492,"date":"2022-01-01T18:29:46","date_gmt":"2022-01-01T17:29:46","guid":{"rendered":"https:\/\/www.loja-rundum.de\/de\/?post_type=product&#038;p=2492"},"modified":"2026-05-07T10:08:28","modified_gmt":"2026-05-07T08:08:28","slug":"staedte-postkarte-rasender-roland-quer-edition-tausendschoen-pk154-2","status":"publish","type":"product","link":"https:\/\/www.loja-rundum.de\/de\/produkt\/staedte-postkarte-rasender-roland-quer-edition-tausendschoen-pk154-2\/","title":{"rendered":"BLICK AUF DEN K\u00d6LNER DOM (3D-ST\u00c4DTE-POSTKARTE)- Edition Tausendsch\u00f6n PK804"},"content":{"rendered":"<h1 class=\"heading\">BLICK AUF DEN K\u00d6LNER DOM (3D-ST\u00c4DTE-POSTKARTE)<\/h1>\n","protected":false},"excerpt":{"rendered":"<p>&#8222;Everyday-Serie &#8222;3-D-St\u00e4dtekarten&#8220;<\/p>\n<p>Postkarte auf festem Bilderdruckpapier mit 3-D-Effekt<\/p>\n<p>Motiv: Blick auf den K\u00f6lner Dom<\/p>\n<p>Ma\u00dfe (H x B) in cm: 10,5 x 15<\/p>\n<p>&nbsp;<\/p>\n<h6>Wasserzeichen<br \/>\nAlle Postkarten sind im Original <strong>OHNE<\/strong> den Schriftzug,<br \/>\nwww.loja-rundum.de, er dient lediglich als Kopierschutz!<\/h6>\n<div class=\"article-item-format\"><\/div>\n<div class=\"article-item-format\"><\/div>\n<div class=\"article-item-format\"><\/div>\n","protected":false},"featured_media":2493,"template":"","meta":[],"product_brand":[],"product_cat":[564,147,33],"product_tag":[616,1351,171,148,141,145,143],"class_list":{"0":"post-2492","1":"product","2":"type-product","3":"status-publish","4":"has-post-thumbnail","6":"product_cat-3d","7":"product_cat-edition-tausendschoen","8":"product_cat-postkarten","9":"product_tag-dom","10":"product_tag-edition-tausendschoen-3-d-staedtekarten","11":"product_tag-actetre","12":"product_tag-koeln","13":"product_tag-postcrossing","14":"product_tag-retro","15":"product_tag-sweet-memories","16":"product_shipping_class-dhl","18":"first","19":"instock","20":"taxable","21":"shipping-taxable","22":"purchasable","23":"product-type-simple"},"_links":{"self":[{"href":"https:\/\/www.loja-rundum.de\/de\/wp-json\/wp\/v2\/product\/2492","targetHints":{"allow":["GET"]}}],"collection":[{"href":"https:\/\/www.loja-rundum.de\/de\/wp-json\/wp\/v2\/product"}],"about":[{"href":"https:\/\/www.loja-rundum.de\/de\/wp-json\/wp\/v2\/types\/product"}],"wp:featuredmedia":[{"embeddable":true,"href":"https:\/\/www.loja-rundum.de\/de\/wp-json\/wp\/v2\/media\/2493"}],"wp:attachment":[{"href":"https:\/\/www.loja-rundum.de\/de\/wp-json\/wp\/v2\/media?parent=2492"}],"wp:term":[{"taxonomy":"product_brand","embeddable":true,"href":"https:\/\/www.loja-rundum.de\/de\/wp-json\/wp\/v2\/product_brand?post=2492"},{"taxonomy":"product_cat","embeddable":true,"href":"https:\/\/www.loja-rundum.de\/de\/wp-json\/wp\/v2\/product_cat?post=2492"},{"taxonomy":"product_tag","embeddable":true,"href":"https:\/\/www.loja-rundum.de\/de\/wp-json\/wp\/v2\/product_tag?post=2492"}],"curies":[{"name":"wp","href":"https:\/\/api.w.org\/{rel}","templated":true}]}}