{"id":2653,"date":"2022-01-02T17:02:33","date_gmt":"2022-01-02T16:02:33","guid":{"rendered":"https:\/\/www.loja-rundum.de\/de\/?post_type=product&#038;p=2653"},"modified":"2025-12-09T07:34:44","modified_gmt":"2025-12-09T06:34:44","slug":"schoen-dass-es-dich-gibt-koalas-taurus-kunstkarten","status":"publish","type":"product","link":"https:\/\/www.loja-rundum.de\/de\/produkt\/schoen-dass-es-dich-gibt-koalas-taurus-kunstkarten\/","title":{"rendered":"Eine T\u00fcte Gl\u00fcck f\u00fcr dich (Katze) &#8211; TAURUS Kunstkarten"},"content":{"rendered":"<div class=\"product-info--entry product--row-1 product--title\">\n<div class=\"product--title\">\n<div class=\"product--title\">\n<div class=\"product--title\">Eine T\u00fcte Gl\u00fcck f\u00fcr dich (Katze)<\/div>\n<div class=\"product--description\"><\/div>\n<\/div>\n<div class=\"product--description\">\n<div class=\"product-info--entry product--credit\">\n<div class=\"credit--entry\"><\/div>\n<\/div>\n<\/div>\n<\/div>\n<div class=\"product--description\">\n<div class=\"product-info--entry product--credit\">\n<div class=\"credit--entry\"><\/div>\n<\/div>\n<\/div>\n<\/div>\n<div class=\"product-info--entry product--format\"><\/div>\n","protected":false},"excerpt":{"rendered":"<div class=\"product-info--entry product--row-1 product--title\">\n<div class=\"content--paper-type content\">Silberfolie<\/div>\n<p class=\"content--paper-type content\">Naturpapier<\/p>\n<div class=\"content--credit content\">\n<div class=\"credit--entry\">Herberger, Gisela<\/div>\n<\/div>\n<\/div>\n<div class=\"product-info--entry product--artist\">\n<div class=\"product-info--entry product--finishing\">\n<div class=\"product-info--entry product--finishing\">\n<div class=\"product-info--entry product--paper-type\">\n<div class=\"product-info--entry product--paper-type\">\n<div class=\"product-info--entry product--format\">Postkarte<\/div>\n<\/div>\n<\/div>\n<\/div>\n<\/div>\n<\/div>\n<p>Ma\u00dfe (H x B) in cm: 10,5 x 15<\/p>\n<p>&nbsp;<\/p>\n<h6>Wasserzeichen<br \/>\nAlle Postkarten sind im Original <strong>OHNE<\/strong> den Schriftzug,<br \/>\nwww.loja-rundum.de, er dient lediglich als Kopierschutz!<\/h6>\n<div class=\"article-item-format\"><\/div>\n<div class=\"article-item-format\"><\/div>\n<div class=\"article-item-format\"><\/div>\n","protected":false},"featured_media":2654,"template":"","meta":[],"product_brand":[],"product_cat":[984,34,35,33],"product_tag":[230,114],"class_list":{"0":"post-2653","1":"product","2":"type-product","3":"status-publish","4":"has-post-thumbnail","6":"product_cat-gisela-herberger","7":"product_cat-illustrationen","8":"product_cat-spruchkarten","9":"product_cat-postkarten","10":"product_tag-katze","11":"product_tag-taurus-kunstkarten","12":"product_shipping_class-dhl","14":"first","15":"instock","16":"taxable","17":"shipping-taxable","18":"purchasable","19":"product-type-simple"},"_links":{"self":[{"href":"https:\/\/www.loja-rundum.de\/de\/wp-json\/wp\/v2\/product\/2653","targetHints":{"allow":["GET"]}}],"collection":[{"href":"https:\/\/www.loja-rundum.de\/de\/wp-json\/wp\/v2\/product"}],"about":[{"href":"https:\/\/www.loja-rundum.de\/de\/wp-json\/wp\/v2\/types\/product"}],"wp:featuredmedia":[{"embeddable":true,"href":"https:\/\/www.loja-rundum.de\/de\/wp-json\/wp\/v2\/media\/2654"}],"wp:attachment":[{"href":"https:\/\/www.loja-rundum.de\/de\/wp-json\/wp\/v2\/media?parent=2653"}],"wp:term":[{"taxonomy":"product_brand","embeddable":true,"href":"https:\/\/www.loja-rundum.de\/de\/wp-json\/wp\/v2\/product_brand?post=2653"},{"taxonomy":"product_cat","embeddable":true,"href":"https:\/\/www.loja-rundum.de\/de\/wp-json\/wp\/v2\/product_cat?post=2653"},{"taxonomy":"product_tag","embeddable":true,"href":"https:\/\/www.loja-rundum.de\/de\/wp-json\/wp\/v2\/product_tag?post=2653"}],"curies":[{"name":"wp","href":"https:\/\/api.w.org\/{rel}","templated":true}]}}