{"id":3288,"date":"2022-02-16T14:00:23","date_gmt":"2022-02-16T13:00:23","guid":{"rendered":"https:\/\/www.loja-rundum.de\/de\/?post_type=product&#038;p=3288"},"modified":"2026-02-22T19:41:40","modified_gmt":"2026-02-22T18:41:40","slug":"staedte-postkarte-sellinquer-edition-tausendschoen-pk151-4","status":"publish","type":"product","link":"https:\/\/www.loja-rundum.de\/de\/produkt\/staedte-postkarte-sellinquer-edition-tausendschoen-pk151-4\/","title":{"rendered":"ST\u00c4DTE-POSTKARTE, K\u00dcHLUNGSBORN (QUER)- Edition Tausendsch\u00f6n PK160"},"content":{"rendered":"<h1 class=\"heading\">ST\u00c4DTE-POSTKARTE, K\u00dcHLUNGSBORN<\/h1>\n<h1 class=\"heading\">(QUER)<\/h1>\n","protected":false},"excerpt":{"rendered":"<p>Postkarte<\/p>\n<p>auf festem Bilderdruckpapier mit Glimmer und gezacktem Rand<\/p>\n<p>Motiv: K\u00fchlungsborn<\/p>\n<p>Ma\u00dfe (H x B) in cm: 15 x 10,5<\/p>\n<p>&nbsp;<\/p>\n<h6>Wasserzeichen<br \/>\nAlle Postkarten sind im Original <strong>OHNE<\/strong> den Schriftzug,<br \/>\nwww.loja-rundum.de, er dient lediglich als Kopierschutz!<\/h6>\n<div class=\"article-item-format\"><\/div>\n<div class=\"article-item-format\"><\/div>\n<div class=\"article-item-format\"><\/div>\n","protected":false},"featured_media":3289,"template":"","meta":[],"product_brand":[],"product_cat":[33,147],"product_tag":[1350,171,46,388,141,145,143],"class_list":{"0":"post-3288","1":"product","2":"type-product","3":"status-publish","4":"has-post-thumbnail","6":"product_cat-postkarten","7":"product_cat-edition-tausendschoen","8":"product_tag-edition-tausendschoen-staedte-postkarten","9":"product_tag-actetre","10":"product_tag-meer","11":"product_tag-ostsee","12":"product_tag-postcrossing","13":"product_tag-retro","14":"product_tag-sweet-memories","15":"product_shipping_class-dhl","17":"first","18":"instock","19":"taxable","20":"shipping-taxable","21":"purchasable","22":"product-type-simple"},"_links":{"self":[{"href":"https:\/\/www.loja-rundum.de\/de\/wp-json\/wp\/v2\/product\/3288","targetHints":{"allow":["GET"]}}],"collection":[{"href":"https:\/\/www.loja-rundum.de\/de\/wp-json\/wp\/v2\/product"}],"about":[{"href":"https:\/\/www.loja-rundum.de\/de\/wp-json\/wp\/v2\/types\/product"}],"wp:featuredmedia":[{"embeddable":true,"href":"https:\/\/www.loja-rundum.de\/de\/wp-json\/wp\/v2\/media\/3289"}],"wp:attachment":[{"href":"https:\/\/www.loja-rundum.de\/de\/wp-json\/wp\/v2\/media?parent=3288"}],"wp:term":[{"taxonomy":"product_brand","embeddable":true,"href":"https:\/\/www.loja-rundum.de\/de\/wp-json\/wp\/v2\/product_brand?post=3288"},{"taxonomy":"product_cat","embeddable":true,"href":"https:\/\/www.loja-rundum.de\/de\/wp-json\/wp\/v2\/product_cat?post=3288"},{"taxonomy":"product_tag","embeddable":true,"href":"https:\/\/www.loja-rundum.de\/de\/wp-json\/wp\/v2\/product_tag?post=3288"}],"curies":[{"name":"wp","href":"https:\/\/api.w.org\/{rel}","templated":true}]}}