{"id":3393,"date":"2022-02-27T12:00:38","date_gmt":"2022-02-27T11:00:38","guid":{"rendered":"https:\/\/www.loja-rundum.de\/de\/?post_type=product&#038;p=3393"},"modified":"2026-03-17T19:59:46","modified_gmt":"2026-03-17T18:59:46","slug":"heidelberg-schoening-verlag-5","status":"publish","type":"product","link":"https:\/\/www.loja-rundum.de\/de\/produkt\/heidelberg-schoening-verlag-5\/","title":{"rendered":"R\u00fcgen, Rasender Roland &#8211; Sch\u00f6ning Verlag"},"content":{"rendered":"<p>R\u00fcgen, Rasender Roland<\/p>\n","protected":false},"excerpt":{"rendered":"<p>Sch\u00f6ne Gr\u00fc\u00dfe von der Insel R\u00fcgen<br \/>\n<span id=\"phContent_ArticleItem_43081_lblFormat\">Postkarten 105x150mm<\/span><\/p>\n<div><\/div>\n<div>\n<h6>Wasserzeichen<br \/>\nAlle Postkarten sind im Original <strong>OHNE<\/strong> den Schriftzug,<br \/>\nwww.loja-rundum.de, er dient lediglich als Kopierschutz!<\/h6>\n<\/div>\n<div class=\"article-item-format\"><\/div>\n<div class=\"article-item-format\"><\/div>\n<div class=\"article-item-format\"><\/div>\n","protected":false},"featured_media":3394,"template":"","meta":[],"product_brand":[],"product_cat":[33,30],"product_tag":[713,141,392,391,277],"class_list":{"0":"post-3393","1":"product","2":"type-product","3":"status-publish","4":"has-post-thumbnail","6":"product_cat-postkarten","7":"product_cat-ansichtskarten","8":"product_tag-insel-ruegen","9":"product_tag-postcrossing","10":"product_tag-rasender-roland","11":"product_tag-ruegen","12":"product_tag-schoening","13":"product_shipping_class-dhl","15":"first","16":"instock","17":"taxable","18":"shipping-taxable","19":"purchasable","20":"product-type-simple"},"_links":{"self":[{"href":"https:\/\/www.loja-rundum.de\/de\/wp-json\/wp\/v2\/product\/3393","targetHints":{"allow":["GET"]}}],"collection":[{"href":"https:\/\/www.loja-rundum.de\/de\/wp-json\/wp\/v2\/product"}],"about":[{"href":"https:\/\/www.loja-rundum.de\/de\/wp-json\/wp\/v2\/types\/product"}],"wp:featuredmedia":[{"embeddable":true,"href":"https:\/\/www.loja-rundum.de\/de\/wp-json\/wp\/v2\/media\/3394"}],"wp:attachment":[{"href":"https:\/\/www.loja-rundum.de\/de\/wp-json\/wp\/v2\/media?parent=3393"}],"wp:term":[{"taxonomy":"product_brand","embeddable":true,"href":"https:\/\/www.loja-rundum.de\/de\/wp-json\/wp\/v2\/product_brand?post=3393"},{"taxonomy":"product_cat","embeddable":true,"href":"https:\/\/www.loja-rundum.de\/de\/wp-json\/wp\/v2\/product_cat?post=3393"},{"taxonomy":"product_tag","embeddable":true,"href":"https:\/\/www.loja-rundum.de\/de\/wp-json\/wp\/v2\/product_tag?post=3393"}],"curies":[{"name":"wp","href":"https:\/\/api.w.org\/{rel}","templated":true}]}}