{"id":4669,"date":"2022-08-01T14:59:26","date_gmt":"2022-08-01T12:59:26","guid":{"rendered":"https:\/\/www.loja-rundum.de\/de\/?post_type=product&#038;p=4669"},"modified":"2026-04-08T16:59:08","modified_gmt":"2026-04-08T14:59:08","slug":"muenchen-3d-staedte-postkarte-edition-tausendschoen-pk808-2","status":"publish","type":"product","link":"https:\/\/www.loja-rundum.de\/de\/produkt\/muenchen-3d-staedte-postkarte-edition-tausendschoen-pk808-2\/","title":{"rendered":"Weihnachten in M\u00fcnchen (3D-ST\u00c4DTE-POSTKARTE)- Edition Tausendsch\u00f6n PK809"},"content":{"rendered":"<h1 class=\"heading\">Weihnachten in M\u00fcnchen (3D-ST\u00c4DTE-POSTKARTE)<\/h1>\n","protected":false},"excerpt":{"rendered":"<p>&#8222;Weihnachtspostkarte &#8220;<\/p>\n<p>3-D-St\u00e4dtekarten&#8220;<\/p>\n<p>auf festem Bilderdruckpapier mit 3-D-Effekt<\/p>\n<p>Motiv: Weihnachten in M\u00fcnchen<\/p>\n<p>Ma\u00dfe (H x B) in cm: 10,5 x 15 &#8220;<\/p>\n<h6>Wasserzeichen<br \/>\nAlle Postkarten sind im Original <strong>OHNE<\/strong> den Schriftzug,<br \/>\nwww.loja-rundum.de, er dient lediglich als Kopierschutz!<\/h6>\n<div class=\"article-item-format\"><\/div>\n<div class=\"article-item-format\"><\/div>\n<div class=\"article-item-format\"><\/div>\n","protected":false},"featured_media":4670,"template":"","meta":[],"product_brand":[],"product_cat":[564,147,464,33],"product_tag":[552,171,401,141,145,151,143,142,377],"class_list":{"0":"post-4669","1":"product","2":"type-product","3":"status-publish","4":"has-post-thumbnail","6":"product_cat-3d","7":"product_cat-edition-tausendschoen","8":"product_cat-weihnachten","9":"product_cat-postkarten","10":"product_tag-3d","11":"product_tag-actetre","12":"product_tag-muenchen","13":"product_tag-postcrossing","14":"product_tag-retro","15":"product_tag-staedte","16":"product_tag-sweet-memories","17":"product_tag-tausendschoen","18":"product_tag-weihnachten","19":"product_shipping_class-dhl","21":"first","22":"instock","23":"taxable","24":"shipping-taxable","25":"purchasable","26":"product-type-simple"},"_links":{"self":[{"href":"https:\/\/www.loja-rundum.de\/de\/wp-json\/wp\/v2\/product\/4669","targetHints":{"allow":["GET"]}}],"collection":[{"href":"https:\/\/www.loja-rundum.de\/de\/wp-json\/wp\/v2\/product"}],"about":[{"href":"https:\/\/www.loja-rundum.de\/de\/wp-json\/wp\/v2\/types\/product"}],"wp:featuredmedia":[{"embeddable":true,"href":"https:\/\/www.loja-rundum.de\/de\/wp-json\/wp\/v2\/media\/4670"}],"wp:attachment":[{"href":"https:\/\/www.loja-rundum.de\/de\/wp-json\/wp\/v2\/media?parent=4669"}],"wp:term":[{"taxonomy":"product_brand","embeddable":true,"href":"https:\/\/www.loja-rundum.de\/de\/wp-json\/wp\/v2\/product_brand?post=4669"},{"taxonomy":"product_cat","embeddable":true,"href":"https:\/\/www.loja-rundum.de\/de\/wp-json\/wp\/v2\/product_cat?post=4669"},{"taxonomy":"product_tag","embeddable":true,"href":"https:\/\/www.loja-rundum.de\/de\/wp-json\/wp\/v2\/product_tag?post=4669"}],"curies":[{"name":"wp","href":"https:\/\/api.w.org\/{rel}","templated":true}]}}