{"id":5705,"date":"2022-11-12T10:00:50","date_gmt":"2022-11-12T09:00:50","guid":{"rendered":"https:\/\/www.loja-rundum.de\/de\/?post_type=product&#038;p=5705"},"modified":"2026-04-15T09:12:20","modified_gmt":"2026-04-15T07:12:20","slug":"happy-halloween-edition-tausendschoen-pk609","status":"publish","type":"product","link":"https:\/\/www.loja-rundum.de\/de\/produkt\/happy-halloween-edition-tausendschoen-pk609\/","title":{"rendered":"ST\u00c4DTE-POSTKARTE, K\u00d6LN (QUER) &#8211; Edition Tausendsch\u00f6n PK15"},"content":{"rendered":"<h1 class=\"heading\">ST\u00c4DTE-POSTKARTE, K\u00d6LN (QUER)<\/h1>\n","protected":false},"excerpt":{"rendered":"<p>Postkarte<\/p>\n<p>auf festem Bilderdruckpapier mit Glimmer und gezacktem Rand<\/p>\n<p>&nbsp;<\/p>\n<p>Ma\u00dfe (H x B) in cm: 15 x 10,5<\/p>\n<p>&nbsp;<\/p>\n<h6>Wasserzeichen<br \/>\nAlle Postkarten sind im Original <strong>OHNE<\/strong> den Schriftzug,<br \/>\nwww.loja-rundum.de, er dient lediglich als Kopierschutz!<\/h6>\n<div class=\"article-item-format\"><\/div>\n<div class=\"article-item-format\"><\/div>\n<div class=\"article-item-format\"><\/div>\n","protected":false},"featured_media":5706,"template":"","meta":[],"product_brand":[],"product_cat":[147,33],"product_tag":[1350,148,141,145,143],"class_list":{"0":"post-5705","1":"product","2":"type-product","3":"status-publish","4":"has-post-thumbnail","6":"product_cat-edition-tausendschoen","7":"product_cat-postkarten","8":"product_tag-edition-tausendschoen-staedte-postkarten","9":"product_tag-koeln","10":"product_tag-postcrossing","11":"product_tag-retro","12":"product_tag-sweet-memories","13":"product_shipping_class-dhl","15":"first","16":"instock","17":"taxable","18":"shipping-taxable","19":"purchasable","20":"product-type-simple"},"_links":{"self":[{"href":"https:\/\/www.loja-rundum.de\/de\/wp-json\/wp\/v2\/product\/5705","targetHints":{"allow":["GET"]}}],"collection":[{"href":"https:\/\/www.loja-rundum.de\/de\/wp-json\/wp\/v2\/product"}],"about":[{"href":"https:\/\/www.loja-rundum.de\/de\/wp-json\/wp\/v2\/types\/product"}],"wp:featuredmedia":[{"embeddable":true,"href":"https:\/\/www.loja-rundum.de\/de\/wp-json\/wp\/v2\/media\/5706"}],"wp:attachment":[{"href":"https:\/\/www.loja-rundum.de\/de\/wp-json\/wp\/v2\/media?parent=5705"}],"wp:term":[{"taxonomy":"product_brand","embeddable":true,"href":"https:\/\/www.loja-rundum.de\/de\/wp-json\/wp\/v2\/product_brand?post=5705"},{"taxonomy":"product_cat","embeddable":true,"href":"https:\/\/www.loja-rundum.de\/de\/wp-json\/wp\/v2\/product_cat?post=5705"},{"taxonomy":"product_tag","embeddable":true,"href":"https:\/\/www.loja-rundum.de\/de\/wp-json\/wp\/v2\/product_tag?post=5705"}],"curies":[{"name":"wp","href":"https:\/\/api.w.org\/{rel}","templated":true}]}}