{"id":6032,"date":"2022-12-15T09:01:57","date_gmt":"2022-12-15T08:01:57","guid":{"rendered":"https:\/\/www.loja-rundum.de\/de\/?post_type=product&#038;p=6032"},"modified":"2025-11-19T18:22:12","modified_gmt":"2025-11-19T17:22:12","slug":"viele-gruesse-aus-hamburg-schanze-franzbroetchen-fischmarkt-taurus-kunstkarten-4","status":"publish","type":"product","link":"https:\/\/www.loja-rundum.de\/de\/produkt\/viele-gruesse-aus-hamburg-schanze-franzbroetchen-fischmarkt-taurus-kunstkarten-4\/","title":{"rendered":"Gr\u00fc\u00dfe aus Hamburg (Wahrzeichen) &#8211; Taurus Kunstkarten"},"content":{"rendered":"<p>Gr\u00fc\u00dfe aus Hamburg (Wahrzeichen)<\/p>\n","protected":false},"excerpt":{"rendered":"<div class=\"product-info--entry product--paper-type\">\n<div class=\"product-info--entry product--paper-type\">\n<div class=\"product-info--entry product--paper-type\">\n<div class=\"product-info--entry product--paper-type\">Naturpapier<\/div>\n<div class=\"product-info--entry product--credit\">\n<div class=\"credit--entry\">Charis Bartsch<\/div>\n<\/div>\n<\/div>\n<\/div>\n<\/div>\n<p><span id=\"phContent_ArticleItem_43081_lblFormat\">Postkarten 105x150mm<\/span><\/p>\n<div><\/div>\n<div>\n<h6>Wasserzeichen<br \/>\nAlle Postkarten sind im Original <strong>OHNE<\/strong> den Schriftzug,<br \/>\nwww.loja-rundum.de, er dient lediglich als Kopierschutz!<\/h6>\n<\/div>\n<div class=\"article-item-format\"><\/div>\n<div class=\"article-item-format\"><\/div>\n<div class=\"article-item-format\"><\/div>\n","protected":false},"featured_media":6033,"template":"","meta":[],"product_brand":[],"product_cat":[34,805,33],"product_tag":[993,450,449,267,451,155,141,114],"class_list":{"0":"post-6032","1":"product","2":"type-product","3":"status-publish","4":"has-post-thumbnail","6":"product_cat-illustrationen","7":"product_cat-maritimes-und-meer","8":"product_cat-postkarten","9":"product_tag-charis-bartsch","10":"product_tag-alster","11":"product_tag-elbe","12":"product_tag-elfi","13":"product_tag-fischmarkt","14":"product_tag-hamburg","15":"product_tag-postcrossing","16":"product_tag-taurus-kunstkarten","17":"product_shipping_class-dhl","19":"first","20":"instock","21":"taxable","22":"shipping-taxable","23":"purchasable","24":"product-type-simple"},"_links":{"self":[{"href":"https:\/\/www.loja-rundum.de\/de\/wp-json\/wp\/v2\/product\/6032","targetHints":{"allow":["GET"]}}],"collection":[{"href":"https:\/\/www.loja-rundum.de\/de\/wp-json\/wp\/v2\/product"}],"about":[{"href":"https:\/\/www.loja-rundum.de\/de\/wp-json\/wp\/v2\/types\/product"}],"wp:featuredmedia":[{"embeddable":true,"href":"https:\/\/www.loja-rundum.de\/de\/wp-json\/wp\/v2\/media\/6033"}],"wp:attachment":[{"href":"https:\/\/www.loja-rundum.de\/de\/wp-json\/wp\/v2\/media?parent=6032"}],"wp:term":[{"taxonomy":"product_brand","embeddable":true,"href":"https:\/\/www.loja-rundum.de\/de\/wp-json\/wp\/v2\/product_brand?post=6032"},{"taxonomy":"product_cat","embeddable":true,"href":"https:\/\/www.loja-rundum.de\/de\/wp-json\/wp\/v2\/product_cat?post=6032"},{"taxonomy":"product_tag","embeddable":true,"href":"https:\/\/www.loja-rundum.de\/de\/wp-json\/wp\/v2\/product_tag?post=6032"}],"curies":[{"name":"wp","href":"https:\/\/api.w.org\/{rel}","templated":true}]}}