{"id":6085,"date":"2022-12-15T09:05:23","date_gmt":"2022-12-15T08:05:23","guid":{"rendered":"https:\/\/www.loja-rundum.de\/de\/?post_type=product&#038;p=6085"},"modified":"2025-01-06T09:08:02","modified_gmt":"2025-01-06T08:08:02","slug":"bluetenherz-edition-gollong-2","status":"publish","type":"product","link":"https:\/\/www.loja-rundum.de\/de\/produkt\/bluetenherz-edition-gollong-2\/","title":{"rendered":"Fr\u00fchlingsbl\u00fcten &#8211; Edition Gollong"},"content":{"rendered":"<p>Fr\u00fchlingsbl\u00fcten<\/p>\n","protected":false},"excerpt":{"rendered":"<p>Kerstin He\u00df<\/p>\n<p><span id=\"phContent_ArticleItem_73563_lblOccasion\" class=\"article-item-occasion\">Neutral \/ Blanko<\/span><\/p>\n<p><span id=\"phContent_ArticleItem_73563_lblFinishing\" class=\"article-item-finishing\">Keine Veredelung<\/span><\/p>\n<div class=\"article-item-format\"><span id=\"phContent_ArticleItem_67748_lblFormat\">Postkarten 140x140mm<\/span><\/div>\n<div><\/div>\n<div>qu.\/rund<\/div>\n<div><\/div>\n<div><\/div>\n<div>\n<h6>Wasserzeichen<br \/>\nAlle Postkarten sind im Original <strong>OHNE<\/strong> den Schriftzug,<br \/>\nwww.loja-rundum.de, er dient lediglich als Kopierschutz!<\/h6>\n<\/div>\n<div class=\"article-item-format\"><\/div>\n<div class=\"article-item-format\"><\/div>\n<div class=\"article-item-format\"><\/div>\n","protected":false},"featured_media":6086,"template":"","meta":[],"product_brand":[],"product_cat":[34,252,33],"product_tag":[1010,47,55],"class_list":{"0":"post-6085","1":"product","2":"type-product","3":"status-publish","4":"has-post-thumbnail","6":"product_cat-illustrationen","7":"product_cat-sonderformarte","8":"product_cat-postkarten","9":"product_tag-fruehlingsblueten","10":"product_tag-edition-gollong","11":"product_tag-kerstin-hess","12":"product_shipping_class-dhl","14":"first","15":"instock","16":"taxable","17":"shipping-taxable","18":"purchasable","19":"product-type-simple"},"_links":{"self":[{"href":"https:\/\/www.loja-rundum.de\/de\/wp-json\/wp\/v2\/product\/6085","targetHints":{"allow":["GET"]}}],"collection":[{"href":"https:\/\/www.loja-rundum.de\/de\/wp-json\/wp\/v2\/product"}],"about":[{"href":"https:\/\/www.loja-rundum.de\/de\/wp-json\/wp\/v2\/types\/product"}],"wp:featuredmedia":[{"embeddable":true,"href":"https:\/\/www.loja-rundum.de\/de\/wp-json\/wp\/v2\/media\/6086"}],"wp:attachment":[{"href":"https:\/\/www.loja-rundum.de\/de\/wp-json\/wp\/v2\/media?parent=6085"}],"wp:term":[{"taxonomy":"product_brand","embeddable":true,"href":"https:\/\/www.loja-rundum.de\/de\/wp-json\/wp\/v2\/product_brand?post=6085"},{"taxonomy":"product_cat","embeddable":true,"href":"https:\/\/www.loja-rundum.de\/de\/wp-json\/wp\/v2\/product_cat?post=6085"},{"taxonomy":"product_tag","embeddable":true,"href":"https:\/\/www.loja-rundum.de\/de\/wp-json\/wp\/v2\/product_tag?post=6085"}],"curies":[{"name":"wp","href":"https:\/\/api.w.org\/{rel}","templated":true}]}}