{"id":7087,"date":"2023-03-03T08:25:38","date_gmt":"2023-03-03T07:25:38","guid":{"rendered":"https:\/\/www.loja-rundum.de\/de\/?post_type=product&#038;p=7087"},"modified":"2026-04-13T13:44:58","modified_gmt":"2026-04-13T11:44:58","slug":"staedte-postkarte-medienhafen-duesseldorf-quer-edition-tausendschoen-pk350-3","status":"publish","type":"product","link":"https:\/\/www.loja-rundum.de\/de\/produkt\/staedte-postkarte-medienhafen-duesseldorf-quer-edition-tausendschoen-pk350-3\/","title":{"rendered":"ST\u00c4DTE-POSTKARTE, D\u00dcSSELDORF (QUER) &#8211; Edition Tausendsch\u00f6n PK97"},"content":{"rendered":"<h1 class=\"heading\">ST\u00c4DTE-POSTKARTE, D\u00dcSSELDORF (QUER)<\/h1>\n","protected":false},"excerpt":{"rendered":"<p>Postkarte<\/p>\n<p>auf festem Bilderdruckpapier mit Glimmer und gezacktem Rand<\/p>\n<p>&nbsp;<\/p>\n<p>Ma\u00dfe (H x B) in cm: 15 x 10,5<\/p>\n<p>&nbsp;<\/p>\n<h6>Wasserzeichen<br \/>\nAlle Postkarten sind im Original <strong>OHNE<\/strong> den Schriftzug,<br \/>\nwww.loja-rundum.de, er dient lediglich als Kopierschutz!<\/h6>\n<div class=\"article-item-format\"><\/div>\n<div class=\"article-item-format\"><\/div>\n<div class=\"article-item-format\"><\/div>\n","protected":false},"featured_media":7088,"template":"","meta":[],"product_brand":[],"product_cat":[147,33],"product_tag":[1349,171,485,141,145,143],"class_list":{"0":"post-7087","1":"product","2":"type-product","3":"status-publish","4":"has-post-thumbnail","6":"product_cat-edition-tausendschoen","7":"product_cat-postkarten","8":"product_tag-edition-tausendschoen-sweet-memories","9":"product_tag-actetre","10":"product_tag-duesseldorf","11":"product_tag-postcrossing","12":"product_tag-retro","13":"product_tag-sweet-memories","14":"product_shipping_class-dhl","16":"first","17":"instock","18":"taxable","19":"shipping-taxable","20":"purchasable","21":"product-type-simple"},"_links":{"self":[{"href":"https:\/\/www.loja-rundum.de\/de\/wp-json\/wp\/v2\/product\/7087","targetHints":{"allow":["GET"]}}],"collection":[{"href":"https:\/\/www.loja-rundum.de\/de\/wp-json\/wp\/v2\/product"}],"about":[{"href":"https:\/\/www.loja-rundum.de\/de\/wp-json\/wp\/v2\/types\/product"}],"wp:featuredmedia":[{"embeddable":true,"href":"https:\/\/www.loja-rundum.de\/de\/wp-json\/wp\/v2\/media\/7088"}],"wp:attachment":[{"href":"https:\/\/www.loja-rundum.de\/de\/wp-json\/wp\/v2\/media?parent=7087"}],"wp:term":[{"taxonomy":"product_brand","embeddable":true,"href":"https:\/\/www.loja-rundum.de\/de\/wp-json\/wp\/v2\/product_brand?post=7087"},{"taxonomy":"product_cat","embeddable":true,"href":"https:\/\/www.loja-rundum.de\/de\/wp-json\/wp\/v2\/product_cat?post=7087"},{"taxonomy":"product_tag","embeddable":true,"href":"https:\/\/www.loja-rundum.de\/de\/wp-json\/wp\/v2\/product_tag?post=7087"}],"curies":[{"name":"wp","href":"https:\/\/api.w.org\/{rel}","templated":true}]}}