{"id":7285,"date":"2023-03-19T17:37:38","date_gmt":"2023-03-19T16:37:38","guid":{"rendered":"https:\/\/www.loja-rundum.de\/de\/?post_type=product&#038;p=7285"},"modified":"2026-01-17T08:05:12","modified_gmt":"2026-01-17T07:05:12","slug":"dresden-schoening-verlag-3","status":"publish","type":"product","link":"https:\/\/www.loja-rundum.de\/de\/produkt\/dresden-schoening-verlag-3\/","title":{"rendered":"Sticker- Postkarte &#8211; Dresden &#8211; Sch\u00f6ning Verlag"},"content":{"rendered":"<p>Sticker- Postkarte &#8211; Dresden<\/p>\n","protected":false},"excerpt":{"rendered":"<p>Sch\u00f6ne Gr\u00fc\u00dfe aus Dresden<\/p>\n<p>Sticker- Postkarte<br \/>\nP<span id=\"phContent_ArticleItem_43081_lblFormat\">ostkarten 105x150mm<\/span><\/p>\n<div><\/div>\n<div>\n<h6>Wasserzeichen<br \/>\nAlle Postkarten sind im Original <strong>OHNE<\/strong> den Schriftzug,<br \/>\nwww.loja-rundum.de, er dient lediglich als Kopierschutz!<\/h6>\n<\/div>\n<div class=\"article-item-format\"><\/div>\n<div class=\"article-item-format\"><\/div>\n<div class=\"article-item-format\"><\/div>\n","protected":false},"featured_media":7286,"template":"","meta":[],"product_brand":[],"product_cat":[30,936,33,254],"product_tag":[948,449,141,277,339],"class_list":{"0":"post-7285","1":"product","2":"type-product","3":"status-publish","4":"has-post-thumbnail","6":"product_cat-ansichtskarten","7":"product_cat-sticker","8":"product_cat-postkarten","9":"product_cat-washi-tape","10":"product_tag-dresden","11":"product_tag-elbe","12":"product_tag-postcrossing","13":"product_tag-schoening","14":"product_tag-sticker","15":"product_shipping_class-dhl","17":"first","18":"instock","19":"taxable","20":"shipping-taxable","21":"purchasable","22":"product-type-simple"},"_links":{"self":[{"href":"https:\/\/www.loja-rundum.de\/de\/wp-json\/wp\/v2\/product\/7285","targetHints":{"allow":["GET"]}}],"collection":[{"href":"https:\/\/www.loja-rundum.de\/de\/wp-json\/wp\/v2\/product"}],"about":[{"href":"https:\/\/www.loja-rundum.de\/de\/wp-json\/wp\/v2\/types\/product"}],"wp:featuredmedia":[{"embeddable":true,"href":"https:\/\/www.loja-rundum.de\/de\/wp-json\/wp\/v2\/media\/7286"}],"wp:attachment":[{"href":"https:\/\/www.loja-rundum.de\/de\/wp-json\/wp\/v2\/media?parent=7285"}],"wp:term":[{"taxonomy":"product_brand","embeddable":true,"href":"https:\/\/www.loja-rundum.de\/de\/wp-json\/wp\/v2\/product_brand?post=7285"},{"taxonomy":"product_cat","embeddable":true,"href":"https:\/\/www.loja-rundum.de\/de\/wp-json\/wp\/v2\/product_cat?post=7285"},{"taxonomy":"product_tag","embeddable":true,"href":"https:\/\/www.loja-rundum.de\/de\/wp-json\/wp\/v2\/product_tag?post=7285"}],"curies":[{"name":"wp","href":"https:\/\/api.w.org\/{rel}","templated":true}]}}