{"id":8079,"date":"2023-05-25T08:17:35","date_gmt":"2023-05-25T06:17:35","guid":{"rendered":"https:\/\/www.loja-rundum.de\/de\/?post_type=product&#038;p=8079"},"modified":"2026-04-08T16:59:07","modified_gmt":"2026-04-08T14:59:07","slug":"staedte-postkarte-muenchen-panorama-quer-edition-tausendschoen-pk356","status":"publish","type":"product","link":"https:\/\/www.loja-rundum.de\/de\/produkt\/staedte-postkarte-muenchen-panorama-quer-edition-tausendschoen-pk356\/","title":{"rendered":"ST\u00c4DTE-POSTKARTE, M\u00dcNCHEN VIKTUALIENMARKT (QUER)- Edition Tausendsch\u00f6n PK363"},"content":{"rendered":"<h1 class=\"heading\">ST\u00c4DTE-POSTKARTE, M\u00dcNCHEN VIKTUALIENMARKT<\/h1>\n<h1 class=\"heading\">(QUER)<\/h1>\n","protected":false},"excerpt":{"rendered":"<p>Postkarte auf festem Bilderdruckpapier mit<\/p>\n<p>Glimmer und gezacktem Rand<\/p>\n<p>&nbsp;<\/p>\n<p>Ma\u00dfe (H x B) in cm: 15 x 10,5<\/p>\n<p>&nbsp;<\/p>\n<h6>Wasserzeichen<br \/>\nAlle Postkarten sind im Original <strong>OHNE<\/strong> den Schriftzug,<br \/>\nwww.loja-rundum.de, er dient lediglich als Kopierschutz!<\/h6>\n<div class=\"article-item-format\"><\/div>\n<div class=\"article-item-format\"><\/div>\n<div class=\"article-item-format\"><\/div>\n","protected":false},"featured_media":8080,"template":"","meta":[],"product_brand":[],"product_cat":[33,147],"product_tag":[1350,171,141,145,143],"class_list":{"0":"post-8079","1":"product","2":"type-product","3":"status-publish","4":"has-post-thumbnail","6":"product_cat-postkarten","7":"product_cat-edition-tausendschoen","8":"product_tag-edition-tausendschoen-staedte-postkarten","9":"product_tag-actetre","10":"product_tag-postcrossing","11":"product_tag-retro","12":"product_tag-sweet-memories","13":"product_shipping_class-dhl","15":"first","16":"instock","17":"taxable","18":"shipping-taxable","19":"purchasable","20":"product-type-simple"},"_links":{"self":[{"href":"https:\/\/www.loja-rundum.de\/de\/wp-json\/wp\/v2\/product\/8079","targetHints":{"allow":["GET"]}}],"collection":[{"href":"https:\/\/www.loja-rundum.de\/de\/wp-json\/wp\/v2\/product"}],"about":[{"href":"https:\/\/www.loja-rundum.de\/de\/wp-json\/wp\/v2\/types\/product"}],"wp:featuredmedia":[{"embeddable":true,"href":"https:\/\/www.loja-rundum.de\/de\/wp-json\/wp\/v2\/media\/8080"}],"wp:attachment":[{"href":"https:\/\/www.loja-rundum.de\/de\/wp-json\/wp\/v2\/media?parent=8079"}],"wp:term":[{"taxonomy":"product_brand","embeddable":true,"href":"https:\/\/www.loja-rundum.de\/de\/wp-json\/wp\/v2\/product_brand?post=8079"},{"taxonomy":"product_cat","embeddable":true,"href":"https:\/\/www.loja-rundum.de\/de\/wp-json\/wp\/v2\/product_cat?post=8079"},{"taxonomy":"product_tag","embeddable":true,"href":"https:\/\/www.loja-rundum.de\/de\/wp-json\/wp\/v2\/product_tag?post=8079"}],"curies":[{"name":"wp","href":"https:\/\/api.w.org\/{rel}","templated":true}]}}