{"id":9251,"date":"2024-07-22T16:04:15","date_gmt":"2024-07-22T14:04:15","guid":{"rendered":"https:\/\/www.loja-rundum.de\/de\/?post_type=product&#038;p=9251"},"modified":"2026-02-23T20:44:42","modified_gmt":"2026-02-23T19:44:42","slug":"maritim-postcrossing-set-25-karten","status":"publish","type":"product","link":"https:\/\/www.loja-rundum.de\/de\/produkt\/maritim-postcrossing-set-25-karten\/","title":{"rendered":"Surprise 4 you &#8211; Set 20 Karten"},"content":{"rendered":"<p>20 Karten<br \/>\n&#8222;Bunter Kartenschatz: Eine individuelle Auswahl, quer durch den Shop&#8220;<\/p>\n","protected":false},"excerpt":{"rendered":"<p>\u00dcberraschungsgr\u00fc\u00dfe: Jedes Set eine bunte Mischung, mal anders, mal gleich.<\/p>\n<p>Set 20 Karten<\/p>\n<p>Bild von de.pngtree.com<\/p>\n<div class=\"article-item-format\"><span id=\"phContent_ArticleItem_69514_lblFormat\">Postkarten Gr\u00f6\u00dfen k\u00f6nnen unterschiedlich sein: 105x150mm , 108\u00d7140, 120&#215;170,140&#215;140, rund<\/span><\/div>\n<p>Bild von de.pngtree.com<\/p>\n<p>Wasserzeichen<br \/>\nAlle Postkarten sind original OHNE den Schriftzug,<br \/>\nwww.loja-rundum.de, er dient nur als Kopierschutz!<\/p>\n<p>&nbsp;<\/p>\n","protected":false},"featured_media":14554,"template":"","meta":[],"product_brand":[],"product_cat":[1110,839,33],"product_tag":[1109,1236,1601,141],"class_list":{"0":"post-9251","1":"product","2":"type-product","3":"status-publish","4":"has-post-thumbnail","6":"product_cat-postcrossing","7":"product_cat-sets","8":"product_cat-postkarten","9":"product_tag-happy-postcrossing","10":"product_tag-schnaeppchen","11":"product_tag-surprice","12":"product_tag-postcrossing","13":"product_shipping_class-dhl","15":"first","16":"outofstock","17":"taxable","18":"shipping-taxable","19":"purchasable","20":"product-type-simple"},"_links":{"self":[{"href":"https:\/\/www.loja-rundum.de\/de\/wp-json\/wp\/v2\/product\/9251","targetHints":{"allow":["GET"]}}],"collection":[{"href":"https:\/\/www.loja-rundum.de\/de\/wp-json\/wp\/v2\/product"}],"about":[{"href":"https:\/\/www.loja-rundum.de\/de\/wp-json\/wp\/v2\/types\/product"}],"wp:featuredmedia":[{"embeddable":true,"href":"https:\/\/www.loja-rundum.de\/de\/wp-json\/wp\/v2\/media\/14554"}],"wp:attachment":[{"href":"https:\/\/www.loja-rundum.de\/de\/wp-json\/wp\/v2\/media?parent=9251"}],"wp:term":[{"taxonomy":"product_brand","embeddable":true,"href":"https:\/\/www.loja-rundum.de\/de\/wp-json\/wp\/v2\/product_brand?post=9251"},{"taxonomy":"product_cat","embeddable":true,"href":"https:\/\/www.loja-rundum.de\/de\/wp-json\/wp\/v2\/product_cat?post=9251"},{"taxonomy":"product_tag","embeddable":true,"href":"https:\/\/www.loja-rundum.de\/de\/wp-json\/wp\/v2\/product_tag?post=9251"}],"curies":[{"name":"wp","href":"https:\/\/api.w.org\/{rel}","templated":true}]}}