{"id":21,"date":"2021-03-28T18:20:22","date_gmt":"2021-03-28T16:20:22","guid":{"rendered":"https:\/\/www.loja-rundum.de\/versandarten\/"},"modified":"2025-12-01T11:53:06","modified_gmt":"2025-12-01T10:53:06","slug":"versandarten","status":"publish","type":"page","link":"https:\/\/www.loja-rundum.de\/en\/rechtliches-2\/versandarten\/","title":{"rendered":"Shipping"},"content":{"rendered":"\n<div class=\"wp-block-group\"><div class=\"wp-block-group__inner-container is-layout-constrained wp-block-group-is-layout-constrained\">\n<p>Dear customers,<\/p>\n\n\n\n<p>we are taking a vacation break from August 28 to September 21, 2025.<\/p>\n\n\n\n<p>All orders paid for by August 27, 2025 will be shipped before the shipping break. Please note that bank transfers usually take 2-3 days.<\/p>\n\n\n\n<p>Of course, you can still place orders!<\/p>\n\n\n\n<p>We have something very special in store for you during our vacation break! \ud83c\udf1f<\/p>\n\n\n\n<p>What can you win?<\/p>\n\n\n\n<p>Small purses from Cartedarts \u2013 super cute!<\/p>\n\n\n\n<p>Important: Participation in the prize draw is independent of the order value. Every order counts!<\/p>\n\n\n\n<p>2. Free stamp promotion: In addition, every customer with an order value of 25 euros or more will receive a free stamp from us as a small thank you!<\/p>\n\n\n\n<p>How can you participate? Simply place your order during the specified time period and<\/p>\n\n\n\n<p>you will automatically be entered into the raffle.<\/p>\n\n\n\n<p>Good luck in the raffle! \ud83c\udf40<\/p>\n\n\n\n<p>We wish you a wonderful summer and thank you for your patience!<\/p>\n\n\n\n<p>Warm regards, Anja<\/p>\n\n\n\n<p>Legal recourse is excluded.<\/p>\n<\/div><\/div>\n\n\n\n<p><\/p>\n\n\n\n<p><\/p>\n\n\n\n<p>Shipping methods and shipping costs<\/p>\n\n\n\n<p>Shipping conditions<br>The prices listed on the product pages include the statutory value added tax.<\/p>\n\n\n\n<h4 class=\"wp-block-heading\">The following applies to delivery within Germany (domestic):<br>Shipping flat rates for stationery<\/h4>\n\n\n\n<figure class=\"wp-block-table\"><table><tbody><tr><td>Carrier<\/td><td>Product<\/td><td>Shipping parcel<\/td><\/tr><tr><td>Deutsche Post \/ DHL \/ Hermes<\/td><td>Stationery<\/td><td>3,50 \u20ac<\/td><\/tr><\/tbody><\/table><\/figure>\n\n\n\n<h4 class=\"wp-block-heading\"><strong>F\u00fcr die Lieferung innerhalb der EU gilt Folgendes:<\/strong><\/h4>\n\n\n\n<p>Paket International DHL \u2013 Zonen 1<\/p>\n\n\n\n<p>Belgien, Bulgarien, D\u00e4nemark, Estland, Finnland, Frankreich, Griechenland, Irland, Italien, Lettland, Litauen, Luxenburg, Malta, Niederlande, \u00d6sterreich, Polen, Portugal, Rum\u00e4nien, Schweden, Slowakei, Slowenien, Spanien, Tschechische Rep., Ungarn, Zypern, Rep.<\/p>\n\n\n\n<p><strong>Versandpauschalen f\u00fcr Schreibwaren<\/strong><\/p>\n\n\n\n<figure class=\"wp-block-table\"><table><tbody><tr><td>Carrier<\/td><td>Product<\/td><td>Shipping parcel<\/td><\/tr><tr><td>Deutsche Post \/ DHL \/ Hermes<\/td><td>Stationery<\/td><td>8,50 \u20ac<\/td><\/tr><\/tbody><\/table><\/figure>\n\n\n\n<p><strong>Parcel International Hermes &#8211; Zones 1<\/strong><\/p>\n\n\n\n<p>Belgien, Bulgarien, D\u00e4nemark, Estland, Finnland, Frankreich, Griechenland, Irland, Italien, Lettland, Litauen, Luxenburg, Malta, Niederlande, \u00d6sterreich, Polen, Portugal, Rum\u00e4nien, Schweden, Slowakei, Slowenien, Spanien, Tschechische Rep., Ungarn, Zypern, Rep.<\/p>\n\n\n\n<h4 class=\"wp-block-heading\">For delivery outside the EU, the following applies:<\/h4>\n\n\n\n<p><strong>This includes all countries that are not listed under the countries belonging to the EU.<\/strong><\/p>\n\n\n\n<p><strong>Shipping flat rates for stationery<\/strong><\/p>\n\n\n\n<figure class=\"wp-block-table\"><table><tbody><tr><td>Carrier<\/td><td>Product<\/td><td>Shipping parcel<\/td><\/tr><tr><td>DHL<br><br><br><br>DHL<\/td><td>Stationery<br><br><br><br>Stationery<\/td><td>16 \u20ac uninsured shipping up to 2 kg, e.g. in case of loss or damage during shipping<br><br><br><br>26,50 \u20ac insured shipping up to 2 kg<\/td><\/tr><\/tbody><\/table><\/figure>\n\n\n\n<p>For deliveries outside the EU, additional charges such as customs duties and taxes may apply. These charges are to be borne by the customer. Please check with your customs office in advance before ordering.<\/p>\n\n\n\n<p class=\"has-medium-font-size\"><strong>Delivery times<\/strong><\/p>\n\n\n\n<p class=\"has-white-color has-vivid-red-background-color has-text-color has-background has-link-color wp-elements-c67729a291f97618b794d05eb851b6d2\">Dear customers,<\/p>\n\n\n\n<p>we are taking a vacation break from August 28 to September 21, 2025.<\/p>\n\n\n\n<p>All orders paid for by August 27, 2025 will be shipped before the shipping break. Please note that bank transfers usually take 2-3 days.<\/p>\n\n\n\n<p>Of course, you can still place orders!<\/p>\n\n\n\n<p>We have something very special in store for you during our vacation break! \ud83c\udf1f<\/p>\n\n\n\n<p>What can you win?<\/p>\n\n\n\n<p>Small purses from Cartedarts \u2013 super cute!<\/p>\n\n\n\n<p>Important: Participation in the prize draw is independent of the order value. Every order counts!<\/p>\n\n\n\n<p>2. Free stamp promotion: In addition, every customer with an order value of 25 euros or more will receive a free stamp from us as a small thank you!<\/p>\n\n\n\n<p>How can you participate? Simply place your order during the specified time period and<\/p>\n\n\n\n<p>you will automatically be entered into the raffle.<\/p>\n\n\n\n<p>Good luck in the raffle! \ud83c\udf40<\/p>\n\n\n\n<p>We wish you a wonderful summer and thank you for your patience!<\/p>\n\n\n\n<p>Warm regards, Anja<\/p>\n\n\n\n<p class=\"has-text-align-center has-white-color has-white-background-color has-text-color has-background has-medium-font-size\">Legal recourse is excluded.<\/p>\n\n\n\n<p><br>Unless otherwise stated in the item description, the goods will be handed over to Deutsche Post, DHL or Hermes within 2 to 5 days after order confirmation (in case of agreed prepayment after the time of your payment receipt). Please note that on Sundays, public holidays and in the vacation season (the vacation season will be announced in time) no shipping and no delivery.<\/p>\n\n\n\n<p><br><\/p>\n","protected":false},"excerpt":{"rendered":"<p>Dear customers, we are taking a vacation break from August 28 to September 21, 2025. All orders paid for by August 27, 2025 will be shipped before the shipping break. Please note that bank transfers usually take 2-3 days. Of course, you can still place orders! We have something very special in store for you [&hellip;]<\/p>\n","protected":false},"author":1,"featured_media":0,"parent":758,"menu_order":7,"comment_status":"closed","ping_status":"closed","template":"","meta":{"footnotes":""},"class_list":["post-21","page","type-page","status-publish","hentry"],"_links":{"self":[{"href":"https:\/\/www.loja-rundum.de\/en\/wp-json\/wp\/v2\/pages\/21","targetHints":{"allow":["GET"]}}],"collection":[{"href":"https:\/\/www.loja-rundum.de\/en\/wp-json\/wp\/v2\/pages"}],"about":[{"href":"https:\/\/www.loja-rundum.de\/en\/wp-json\/wp\/v2\/types\/page"}],"author":[{"embeddable":true,"href":"https:\/\/www.loja-rundum.de\/en\/wp-json\/wp\/v2\/users\/1"}],"replies":[{"embeddable":true,"href":"https:\/\/www.loja-rundum.de\/en\/wp-json\/wp\/v2\/comments?post=21"}],"version-history":[{"count":68,"href":"https:\/\/www.loja-rundum.de\/en\/wp-json\/wp\/v2\/pages\/21\/revisions"}],"predecessor-version":[{"id":21566,"href":"https:\/\/www.loja-rundum.de\/en\/wp-json\/wp\/v2\/pages\/21\/revisions\/21566"}],"up":[{"embeddable":true,"href":"https:\/\/www.loja-rundum.de\/en\/wp-json\/wp\/v2\/pages\/758"}],"wp:attachment":[{"href":"https:\/\/www.loja-rundum.de\/en\/wp-json\/wp\/v2\/media?parent=21"}],"curies":[{"name":"wp","href":"https:\/\/api.w.org\/{rel}","templated":true}]}}