{"id":12146,"date":"2024-01-24T19:44:11","date_gmt":"2024-01-24T18:44:11","guid":{"rendered":"https:\/\/www.loja-rundum.de\/de\/?post_type=product&#038;p=12146"},"modified":"2026-02-18T10:46:10","modified_gmt":"2026-02-18T09:46:10","slug":"hiddensee-schoening-verlag","status":"publish","type":"product","link":"https:\/\/www.loja-rundum.de\/en\/produkt\/hiddensee-schoening-verlag\/","title":{"rendered":"Warnem\u00fcnde &#8211; Sch\u00f6ning Verlag"},"content":{"rendered":"<p>Warnem\u00fcnde<\/p>\n","protected":false},"excerpt":{"rendered":"<p>Greetings from Ostseebad Warnem\u00fcnde<br \/>\nPostcards 105x150mm<\/p>\n<p>&nbsp;<\/p>\n<p>Watermark<br \/>\nAll postcards are original WITHOUT the writing,<br \/>\nwww.loja-rundum.de, it serves only as copy protection!<\/p>\n<p>&nbsp;<\/p>\n<p>&nbsp;<\/p>\n","protected":false},"featured_media":12147,"template":"","meta":[],"product_brand":[],"product_cat":[30,33],"product_tag":[1406,141,277],"class_list":{"0":"post-12146","1":"product","2":"type-product","3":"status-publish","4":"has-post-thumbnail","6":"product_cat-ansichtskarten","7":"product_cat-postkarten","8":"product_tag-warnemuende","9":"product_tag-postcrossing","10":"product_tag-schoening","11":"product_shipping_class-dhl","13":"first","14":"instock","15":"taxable","16":"shipping-taxable","17":"purchasable","18":"product-type-simple"},"_links":{"self":[{"href":"https:\/\/www.loja-rundum.de\/en\/wp-json\/wp\/v2\/product\/12146","targetHints":{"allow":["GET"]}}],"collection":[{"href":"https:\/\/www.loja-rundum.de\/en\/wp-json\/wp\/v2\/product"}],"about":[{"href":"https:\/\/www.loja-rundum.de\/en\/wp-json\/wp\/v2\/types\/product"}],"wp:featuredmedia":[{"embeddable":true,"href":"https:\/\/www.loja-rundum.de\/en\/wp-json\/wp\/v2\/media\/12147"}],"wp:attachment":[{"href":"https:\/\/www.loja-rundum.de\/en\/wp-json\/wp\/v2\/media?parent=12146"}],"wp:term":[{"taxonomy":"product_brand","embeddable":true,"href":"https:\/\/www.loja-rundum.de\/en\/wp-json\/wp\/v2\/product_brand?post=12146"},{"taxonomy":"product_cat","embeddable":true,"href":"https:\/\/www.loja-rundum.de\/en\/wp-json\/wp\/v2\/product_cat?post=12146"},{"taxonomy":"product_tag","embeddable":true,"href":"https:\/\/www.loja-rundum.de\/en\/wp-json\/wp\/v2\/product_tag?post=12146"}],"curies":[{"name":"wp","href":"https:\/\/api.w.org\/{rel}","templated":true}]}}