{"id":15301,"date":"2024-09-25T14:08:37","date_gmt":"2024-09-25T12:08:37","guid":{"rendered":"https:\/\/www.loja-rundum.de\/de\/?post_type=product&#038;p=15301"},"modified":"2026-04-11T17:11:48","modified_gmt":"2026-04-11T15:11:48","slug":"salzburg-schoening-verlag-4","status":"publish","type":"product","link":"https:\/\/www.loja-rundum.de\/en\/produkt\/salzburg-schoening-verlag-4\/","title":{"rendered":"W\u00fcrzburg  &#8211; Sch\u00f6ning Verlag"},"content":{"rendered":"<p>W\u00fcrzburg<\/p>\n","protected":false},"excerpt":{"rendered":"<p>Greetings from W\u00fcrzburg<br \/>\nPostcards 105x150mm<\/p>\n<p>&nbsp;<\/p>\n<p>Watermark<br \/>\nAll postcards are original WITHOUT the writing,<br \/>\nwww.loja-rundum.de, it serves only as copy protection!<\/p>\n<p>&nbsp;<\/p>\n<p>&nbsp;<\/p>\n","protected":false},"featured_media":15302,"template":"","meta":[],"product_brand":[],"product_cat":[30],"product_tag":[731,141,277],"class_list":{"0":"post-15301","1":"product","2":"type-product","3":"status-publish","4":"has-post-thumbnail","6":"product_cat-ansichtskarten","7":"product_tag-wuerzburg","8":"product_tag-postcrossing","9":"product_tag-schoening","10":"product_shipping_class-dhl","12":"first","13":"instock","14":"taxable","15":"shipping-taxable","16":"purchasable","17":"product-type-simple"},"_links":{"self":[{"href":"https:\/\/www.loja-rundum.de\/en\/wp-json\/wp\/v2\/product\/15301","targetHints":{"allow":["GET"]}}],"collection":[{"href":"https:\/\/www.loja-rundum.de\/en\/wp-json\/wp\/v2\/product"}],"about":[{"href":"https:\/\/www.loja-rundum.de\/en\/wp-json\/wp\/v2\/types\/product"}],"wp:featuredmedia":[{"embeddable":true,"href":"https:\/\/www.loja-rundum.de\/en\/wp-json\/wp\/v2\/media\/15302"}],"wp:attachment":[{"href":"https:\/\/www.loja-rundum.de\/en\/wp-json\/wp\/v2\/media?parent=15301"}],"wp:term":[{"taxonomy":"product_brand","embeddable":true,"href":"https:\/\/www.loja-rundum.de\/en\/wp-json\/wp\/v2\/product_brand?post=15301"},{"taxonomy":"product_cat","embeddable":true,"href":"https:\/\/www.loja-rundum.de\/en\/wp-json\/wp\/v2\/product_cat?post=15301"},{"taxonomy":"product_tag","embeddable":true,"href":"https:\/\/www.loja-rundum.de\/en\/wp-json\/wp\/v2\/product_tag?post=15301"}],"curies":[{"name":"wp","href":"https:\/\/api.w.org\/{rel}","templated":true}]}}