{"id":15311,"date":"2024-09-25T14:22:24","date_gmt":"2024-09-25T12:22:24","guid":{"rendered":"https:\/\/www.loja-rundum.de\/de\/?post_type=product&#038;p=15311"},"modified":"2026-04-10T13:13:34","modified_gmt":"2026-04-10T11:13:34","slug":"duisburg-schoening-verlag","status":"publish","type":"product","link":"https:\/\/www.loja-rundum.de\/en\/produkt\/duisburg-schoening-verlag\/","title":{"rendered":"Flensburger F\u00f6rde &#8211; Sch\u00f6ning Verlag"},"content":{"rendered":"<p>Flensburger F\u00f6rde<\/p>\n","protected":false},"excerpt":{"rendered":"<p>Greetings from Flensburger F\u00f6rde<br \/>\nPostcards 105x150mm<\/p>\n<p>&nbsp;<\/p>\n<p>Watermark<br \/>\nAll postcards are original WITHOUT the writing,<br \/>\nwww.loja-rundum.de, it serves only as copy protection!<\/p>\n<p>&nbsp;<\/p>\n<p>&nbsp;<\/p>\n","protected":false},"featured_media":15312,"template":"","meta":[],"product_brand":[],"product_cat":[30],"product_tag":[1720,141,277],"class_list":{"0":"post-15311","1":"product","2":"type-product","3":"status-publish","4":"has-post-thumbnail","6":"product_cat-ansichtskarten","7":"product_tag-flensburger-foerde","8":"product_tag-postcrossing","9":"product_tag-schoening","10":"product_shipping_class-dhl","12":"first","13":"instock","14":"taxable","15":"shipping-taxable","16":"purchasable","17":"product-type-simple"},"_links":{"self":[{"href":"https:\/\/www.loja-rundum.de\/en\/wp-json\/wp\/v2\/product\/15311","targetHints":{"allow":["GET"]}}],"collection":[{"href":"https:\/\/www.loja-rundum.de\/en\/wp-json\/wp\/v2\/product"}],"about":[{"href":"https:\/\/www.loja-rundum.de\/en\/wp-json\/wp\/v2\/types\/product"}],"wp:featuredmedia":[{"embeddable":true,"href":"https:\/\/www.loja-rundum.de\/en\/wp-json\/wp\/v2\/media\/15312"}],"wp:attachment":[{"href":"https:\/\/www.loja-rundum.de\/en\/wp-json\/wp\/v2\/media?parent=15311"}],"wp:term":[{"taxonomy":"product_brand","embeddable":true,"href":"https:\/\/www.loja-rundum.de\/en\/wp-json\/wp\/v2\/product_brand?post=15311"},{"taxonomy":"product_cat","embeddable":true,"href":"https:\/\/www.loja-rundum.de\/en\/wp-json\/wp\/v2\/product_cat?post=15311"},{"taxonomy":"product_tag","embeddable":true,"href":"https:\/\/www.loja-rundum.de\/en\/wp-json\/wp\/v2\/product_tag?post=15311"}],"curies":[{"name":"wp","href":"https:\/\/api.w.org\/{rel}","templated":true}]}}