{"id":16822,"date":"2025-01-04T09:00:36","date_gmt":"2025-01-04T08:00:36","guid":{"rendered":"https:\/\/www.loja-rundum.de\/de\/?post_type=product&#038;p=16822"},"modified":"2026-03-20T21:47:28","modified_gmt":"2026-03-20T20:47:28","slug":"4-kapitel-wie-man-das-sofa-zerstoert-und-den-hund-beleidigt-taurus-kunstkarten","status":"publish","type":"product","link":"https:\/\/www.loja-rundum.de\/en\/produkt\/4-kapitel-wie-man-das-sofa-zerstoert-und-den-hund-beleidigt-taurus-kunstkarten\/","title":{"rendered":"Libert\u00e9! Egalit\u00e9! Osterhas\u00e9! &#8211; TAURUS art cards"},"content":{"rendered":"<div class=\"product-info--entry product--row-1 product--title\">\n<div class=\"product--title\">\n<div class=\"product--title\">\n<div class=\"product--title\">Libert\u00e9! Egalit\u00e9! Osterhas\u00e9!<\/div>\n<div class=\"product--description\"><\/div>\n<\/div>\n<div class=\"product--description\">\n<div class=\"product-info--entry product--credit\">\n<div class=\"credit--entry\"><\/div>\n<\/div>\n<\/div>\n<\/div>\n<div class=\"product--description\">\n<div class=\"product-info--entry product--credit\">\n<div class=\"credit--entry\"><\/div>\n<\/div>\n<\/div>\n<\/div>\n<div class=\"product-info--entry product--format\"><\/div>\n","protected":false},"excerpt":{"rendered":"<div class=\"product-info--entry product--row-1 product--title\">\n<div class=\"product-info--entry product--credit\">\n<div class=\"credit--entry\">\n<div class=\"product-info--entry product--credit\">\n<div class=\"credit--entry\">\n<div class=\"product-info--entry product--credit\">\n<div class=\"credit--entry\">\n<div class=\"product-info--entry product--credit\">\n<div class=\"credit--entry\">\n<div class=\"product-info--entry product--credit\">\n<div class=\"credit--entry\">\n<div class=\"product-info--entry product--credit\">\n<div class=\"credit--entry\">\n<div class=\"product-info--entry product--credit\">\n<div class=\"credit--entry\">\n<div class=\"product-info--entry product--credit\">\n<div class=\"credit--entry\">\n<div class=\"credit--entry\">\n<div class=\"product-info--entry product--paper-type\">\n<div class=\"product-info--entry product--paper-type\">\n<div class=\"product-info--entry product--paper-type\">\n<div class=\"credit--entry\">\n<div class=\"credit--entry\">\n<div class=\"credit--entry\">\n<div class=\"credit--entry\">\n<div class=\"credit--entry\">\n<div class=\"credit--entry\">\n<div class=\"credit--entry\">\n<div class=\"credit--entry\">\n<div class=\"credit--entry\">\n<div class=\"product-info--entry product--paper-type\">\n<div class=\"product-info--entry product--paper-type\">\n<div class=\"product-info--entry product--paper-type\">\n<div class=\"credit--entry\">\n<div class=\"credit--entry\">\n<div class=\"credit--entry\">\n<div class=\"credit--entry\">\n<div class=\"credit--entry\">\n<div class=\"credit--entry\">\n<div class=\"product-info--entry product--paper-type\">\n<div class=\"credit--entry\">\n<div class=\"product-info--entry product--paper-type\">\n<div class=\"credit--entry\">\n<div class=\"credit--entry\">\n<div class=\"product-info--entry product--paper-type\">\n<div class=\"credit--entry\">Effect varnish<br \/>\nNatural paper<br \/>\nIgor Link Adobe Stock<\/div>\n<\/div>\n<\/div>\n<\/div>\n<p>&nbsp;<\/p>\n<p>Postcard<\/p>\n<p>Dimensions (H x W) in cm: 10,5 x 15<\/p>\n<p>&nbsp;<\/p>\n<p>Watermark<br \/>\nAll postcards are original WITHOUT the writing,<br \/>\nwww.loja-rundum.de, it serves only as copy protection!<\/p>\n<\/div>\n<\/div>\n<\/div>\n<\/div>\n<\/div>\n<\/div>\n<\/div>\n<\/div>\n<\/div>\n<\/div>\n<\/div>\n<\/div>\n<\/div>\n<\/div>\n<\/div>\n<\/div>\n<\/div>\n<\/div>\n<\/div>\n<\/div>\n<\/div>\n<\/div>\n<\/div>\n<\/div>\n<\/div>\n<\/div>\n<\/div>\n<\/div>\n<\/div>\n<\/div>\n<\/div>\n<\/div>\n<\/div>\n<\/div>\n<\/div>\n<\/div>\n<\/div>\n<\/div>\n<\/div>\n<\/div>\n<\/div>\n<\/div>\n<div class=\"article-item-format\"><\/div>\n<div class=\"article-item-format\"><\/div>\n","protected":false},"featured_media":16823,"template":"","meta":[],"product_brand":[],"product_cat":[34,606,33],"product_tag":[1876],"class_list":{"0":"post-16822","1":"product","2":"type-product","3":"status-publish","4":"has-post-thumbnail","6":"product_cat-illustrationen","7":"product_cat-ostern","8":"product_cat-postkarten","9":"product_tag-liberte-egalite-osterhase","10":"product_shipping_class-dhl","12":"first","13":"instock","14":"taxable","15":"shipping-taxable","16":"purchasable","17":"product-type-simple"},"_links":{"self":[{"href":"https:\/\/www.loja-rundum.de\/en\/wp-json\/wp\/v2\/product\/16822","targetHints":{"allow":["GET"]}}],"collection":[{"href":"https:\/\/www.loja-rundum.de\/en\/wp-json\/wp\/v2\/product"}],"about":[{"href":"https:\/\/www.loja-rundum.de\/en\/wp-json\/wp\/v2\/types\/product"}],"wp:featuredmedia":[{"embeddable":true,"href":"https:\/\/www.loja-rundum.de\/en\/wp-json\/wp\/v2\/media\/16823"}],"wp:attachment":[{"href":"https:\/\/www.loja-rundum.de\/en\/wp-json\/wp\/v2\/media?parent=16822"}],"wp:term":[{"taxonomy":"product_brand","embeddable":true,"href":"https:\/\/www.loja-rundum.de\/en\/wp-json\/wp\/v2\/product_brand?post=16822"},{"taxonomy":"product_cat","embeddable":true,"href":"https:\/\/www.loja-rundum.de\/en\/wp-json\/wp\/v2\/product_cat?post=16822"},{"taxonomy":"product_tag","embeddable":true,"href":"https:\/\/www.loja-rundum.de\/en\/wp-json\/wp\/v2\/product_tag?post=16822"}],"curies":[{"name":"wp","href":"https:\/\/api.w.org\/{rel}","templated":true}]}}